{"id":8,"date":"2016-04-17T21:35:15","date_gmt":"2016-04-17T20:35:15","guid":{"rendered":"http:\/\/dev.consultation-hypnose-paris.fr\/?page_id=8"},"modified":"2019-02-24T22:07:49","modified_gmt":"2019-02-24T20:07:49","slug":"qui-je-suis","status":"publish","type":"page","link":"https:\/\/consultation-hypnose-paris.fr\/index.php\/qui-je-suis\/","title":{"rendered":"Qui je suis"},"content":{"rendered":"<figure id=\"attachment_331\" aria-describedby=\"caption-attachment-331\" style=\"width: 342px\" class=\"wp-caption alignleft\"><img decoding=\"async\" loading=\"lazy\" class=\"wp-image-331 \" src=\"http:\/\/consultation-hypnose-paris.fr\/wp-content\/uploads\/2016\/08\/Renaud-Foussard-Hypnose-Paris-300x199.jpg\" alt=\"Renaud Foussard Hypnose Paris\" width=\"342\" height=\"227\" srcset=\"https:\/\/consultation-hypnose-paris.fr\/wp-content\/uploads\/2016\/08\/Renaud-Foussard-Hypnose-Paris-300x199.jpg 300w, https:\/\/consultation-hypnose-paris.fr\/wp-content\/uploads\/2016\/08\/Renaud-Foussard-Hypnose-Paris-768x510.jpg 768w, https:\/\/consultation-hypnose-paris.fr\/wp-content\/uploads\/2016\/08\/Renaud-Foussard-Hypnose-Paris.jpg 992w\" sizes=\"(max-width: 342px) 85vw, 342px\" \/><figcaption id=\"caption-attachment-331\" class=\"wp-caption-text\">Renaud Foussard &#8211; Hypnopraticien<\/figcaption><\/figure>\n<p class=\"xwd9\"><span class=\"xwd45\">J&rsquo;ai rencontr\u00e9 l&rsquo;hypnose \u00e0 travers ma propre recherche personnelle. La psychanalyse, la sophrologie, la m\u00e9ditation et d&rsquo;autres pratiques th\u00e9rapeutiques m&rsquo;ont toutes apport\u00e9 dans ce cheminement vers la libert\u00e9 int\u00e9rieure. L&rsquo;hypnose a cela d&rsquo;unique qu&rsquo;elle mobilise et fait participer pleinement l&rsquo;inconscient dans ce travail int\u00e9rieur. La capacit\u00e9 de l&rsquo;hypnose \u00e0 r\u00e9v\u00e9ler et mettre en action les potentiels de chacun m&rsquo;\u00e9merveille chaque jour.<\/span><\/p>\n<p class=\"xwd9\"><span class=\"xwd45\">Form\u00e9 en tant que praticien au sein de l&rsquo;\u00e9cole \u00ab\u00a0France Hypnose Formation\u00a0\u00bb du Dr Larsonneur, je suis heureux de vous accueillir et de vous accompagner dans la r\u00e9alisation de vos objectifs et dans votre parcours personnel.<\/span><\/p>\n<p class=\"xwd9\">Je vous invite \u00e0 me contacter pour me faire part de votre projet :<\/p>\n<h3 class=\"xwd9\" style=\"text-align: center;\"><strong>06 62 85 01 32<\/strong><\/h3>\n<p>&nbsp;<\/p>\n<hr \/>\n<p class=\"xwd9\"><a href=\"https:\/\/www.facebook.com\/ConsultationHypnoseParis75015\/\"><img decoding=\"async\" loading=\"lazy\" class=\"size-full wp-image-205 aligncenter\" src=\"http:\/\/consultation-hypnose-paris.fr\/wp-content\/uploads\/2016\/04\/Facebook-CHP-1.bmp\" alt=\"Facebook CHP\" width=\"1040\" height=\"456\" \/><\/a><\/p>\n<p class=\"xwd9\">Retrouvez toute l&rsquo;actualit\u00e9 de Consultation Hypnose Paris sur sa page FaceBook:<\/p>\n<ul>\n<li class=\"xwd9\">Les prochains \u00e9v\u00e8nements (initiations \u00e0 l&rsquo;auto-hypnose),<\/li>\n<li class=\"xwd9\">Des articles et reportages pour mieux faire conna\u00eetre l&rsquo;hypnose,<\/li>\n<li class=\"xwd9\">Les vid\u00e9os de Consultation Hypnose Paris pour r\u00e9pondre aux questions que vous vous posez ou vous proposez des protocoles d&rsquo;auto-hypnose,<\/li>\n<li class=\"xwd9\">Et bien d &lsquo;autres choses &#8230; Alors :<img decoding=\"async\" loading=\"lazy\" class=\"size-medium wp-image-199 aligncenter\" src=\"http:\/\/consultation-hypnose-paris.fr\/wp-content\/uploads\/2016\/04\/13864-logo-rejoignez-nous-facebook-300x75.png\" alt=\"13864-logo-rejoignez-nous-facebook\" width=\"300\" height=\"75\" srcset=\"https:\/\/consultation-hypnose-paris.fr\/wp-content\/uploads\/2016\/04\/13864-logo-rejoignez-nous-facebook-300x75.png 300w, https:\/\/consultation-hypnose-paris.fr\/wp-content\/uploads\/2016\/04\/13864-logo-rejoignez-nous-facebook.png 400w\" sizes=\"(max-width: 300px) 85vw, 300px\" \/><\/li>\n<\/ul>\n<hr \/>\n<p><a href=\"http:\/\/lexperience-de-soi.blogspot.fr\/\"><img decoding=\"async\" loading=\"lazy\" class=\"aligncenter wp-image-193 size-medium\" title=\"http:\/\/lexperience-de-soi.blogspot.fr\/\" src=\"http:\/\/consultation-hypnose-paris.fr\/wp-content\/uploads\/2016\/08\/Exp\u00e9rience-de-soi-300x122.png\" alt=\"Exp\u00e9rience de soi\" width=\"300\" height=\"122\" srcset=\"https:\/\/consultation-hypnose-paris.fr\/wp-content\/uploads\/2016\/08\/Exp\u00e9rience-de-soi-300x122.png 300w, https:\/\/consultation-hypnose-paris.fr\/wp-content\/uploads\/2016\/08\/Exp\u00e9rience-de-soi-768x311.png 768w, https:\/\/consultation-hypnose-paris.fr\/wp-content\/uploads\/2016\/08\/Exp\u00e9rience-de-soi.png 800w\" sizes=\"(max-width: 300px) 85vw, 300px\" \/><\/a><\/p>\n<p>Le blog qui soutient et appuie tous ceux qui sont engag\u00e9s (ou en r\u00e9flexion pour s&rsquo;engager) dans un travail sur soi. D\u00e9couvrez des musiques, des citations, des vid\u00e9os et des suggestions de lecture: tout ce qui peut vous appuyer dans votre travail int\u00e9rieur!<\/p>\n<p>&nbsp;<\/p>\n","protected":false},"excerpt":{"rendered":"<p>J&rsquo;ai rencontr\u00e9 l&rsquo;hypnose \u00e0 travers ma propre recherche personnelle. La psychanalyse, la sophrologie, la m\u00e9ditation et d&rsquo;autres pratiques th\u00e9rapeutiques m&rsquo;ont toutes apport\u00e9 dans ce cheminement vers la libert\u00e9 int\u00e9rieure. L&rsquo;hypnose a cela d&rsquo;unique qu&rsquo;elle mobilise et fait participer pleinement l&rsquo;inconscient dans ce travail int\u00e9rieur. La capacit\u00e9 de l&rsquo;hypnose \u00e0 r\u00e9v\u00e9ler et mettre en action les &hellip; <a href=\"https:\/\/consultation-hypnose-paris.fr\/index.php\/qui-je-suis\/\" class=\"more-link\">Continuer la lecture<span class=\"screen-reader-text\"> de &laquo;&nbsp;Qui je suis&nbsp;&raquo;<\/span><\/a><\/p>\n","protected":false},"author":1,"featured_media":0,"parent":0,"menu_order":0,"comment_status":"closed","ping_status":"closed","template":"","meta":{"footnotes":""},"yoast_head":"<!-- This site is optimized with the Yoast SEO plugin v22.6 - https:\/\/yoast.com\/wordpress\/plugins\/seo\/ -->\n<title>Qui je suis - Consultation Hypnose Paris<\/title>\n<meta name=\"robots\" content=\"index, follow, max-snippet:-1, max-image-preview:large, max-video-preview:-1\" \/>\n<link rel=\"canonical\" href=\"http:\/\/consultation-hypnose-paris.fr\/index.php\/qui-je-suis\/\" \/>\n<meta property=\"og:locale\" content=\"fr_FR\" \/>\n<meta property=\"og:type\" content=\"article\" \/>\n<meta property=\"og:title\" content=\"Qui je suis - Consultation Hypnose Paris\" \/>\n<meta property=\"og:description\" content=\"J&rsquo;ai rencontr\u00e9 l&rsquo;hypnose \u00e0 travers ma propre recherche personnelle. La psychanalyse, la sophrologie, la m\u00e9ditation et d&rsquo;autres pratiques th\u00e9rapeutiques m&rsquo;ont toutes apport\u00e9 dans ce cheminement vers la libert\u00e9 int\u00e9rieure. L&rsquo;hypnose a cela d&rsquo;unique qu&rsquo;elle mobilise et fait participer pleinement l&rsquo;inconscient dans ce travail int\u00e9rieur. La capacit\u00e9 de l&rsquo;hypnose \u00e0 r\u00e9v\u00e9ler et mettre en action les &hellip; Continuer la lecture de &laquo;&nbsp;Qui je suis&nbsp;&raquo;\" \/>\n<meta property=\"og:url\" content=\"http:\/\/consultation-hypnose-paris.fr\/index.php\/qui-je-suis\/\" \/>\n<meta property=\"og:site_name\" content=\"Consultation Hypnose Paris\" \/>\n<meta property=\"article:modified_time\" content=\"2019-02-24T20:07:49+00:00\" \/>\n<meta property=\"og:image\" content=\"http:\/\/consultation-hypnose-paris.fr\/wp-content\/uploads\/2016\/08\/Renaud-Foussard-Hypnose-Paris-300x199.jpg\" \/>\n<meta name=\"twitter:card\" content=\"summary_large_image\" \/>\n<meta name=\"twitter:label1\" content=\"Dur\u00e9e de lecture estim\u00e9e\" \/>\n\t<meta name=\"twitter:data1\" content=\"1 minute\" \/>\n<script type=\"application\/ld+json\" class=\"yoast-schema-graph\">{\"@context\":\"https:\/\/schema.org\",\"@graph\":[{\"@type\":\"WebPage\",\"@id\":\"http:\/\/consultation-hypnose-paris.fr\/index.php\/qui-je-suis\/\",\"url\":\"http:\/\/consultation-hypnose-paris.fr\/index.php\/qui-je-suis\/\",\"name\":\"Qui je suis - Consultation Hypnose Paris\",\"isPartOf\":{\"@id\":\"http:\/\/consultation-hypnose-paris.fr\/#website\"},\"primaryImageOfPage\":{\"@id\":\"http:\/\/consultation-hypnose-paris.fr\/index.php\/qui-je-suis\/#primaryimage\"},\"image\":{\"@id\":\"http:\/\/consultation-hypnose-paris.fr\/index.php\/qui-je-suis\/#primaryimage\"},\"thumbnailUrl\":\"http:\/\/consultation-hypnose-paris.fr\/wp-content\/uploads\/2016\/08\/Renaud-Foussard-Hypnose-Paris-300x199.jpg\",\"datePublished\":\"2016-04-17T20:35:15+00:00\",\"dateModified\":\"2019-02-24T20:07:49+00:00\",\"breadcrumb\":{\"@id\":\"http:\/\/consultation-hypnose-paris.fr\/index.php\/qui-je-suis\/#breadcrumb\"},\"inLanguage\":\"fr-FR\",\"potentialAction\":[{\"@type\":\"ReadAction\",\"target\":[\"http:\/\/consultation-hypnose-paris.fr\/index.php\/qui-je-suis\/\"]}]},{\"@type\":\"ImageObject\",\"inLanguage\":\"fr-FR\",\"@id\":\"http:\/\/consultation-hypnose-paris.fr\/index.php\/qui-je-suis\/#primaryimage\",\"url\":\"https:\/\/consultation-hypnose-paris.fr\/wp-content\/uploads\/2016\/08\/Renaud-Foussard-Hypnose-Paris.jpg\",\"contentUrl\":\"https:\/\/consultation-hypnose-paris.fr\/wp-content\/uploads\/2016\/08\/Renaud-Foussard-Hypnose-Paris.jpg\",\"width\":992,\"height\":659},{\"@type\":\"BreadcrumbList\",\"@id\":\"http:\/\/consultation-hypnose-paris.fr\/index.php\/qui-je-suis\/#breadcrumb\",\"itemListElement\":[{\"@type\":\"ListItem\",\"position\":1,\"name\":\"Accueil\",\"item\":\"http:\/\/consultation-hypnose-paris.fr\/\"},{\"@type\":\"ListItem\",\"position\":2,\"name\":\"Qui je suis\"}]},{\"@type\":\"WebSite\",\"@id\":\"http:\/\/consultation-hypnose-paris.fr\/#website\",\"url\":\"http:\/\/consultation-hypnose-paris.fr\/\",\"name\":\"Consultation Hypnose Paris\",\"description\":\"Hypnose ericksonienne\",\"potentialAction\":[{\"@type\":\"SearchAction\",\"target\":{\"@type\":\"EntryPoint\",\"urlTemplate\":\"http:\/\/consultation-hypnose-paris.fr\/?s={search_term_string}\"},\"query-input\":\"required name=search_term_string\"}],\"inLanguage\":\"fr-FR\"}]}<\/script>\n<!-- \/ Yoast SEO plugin. -->","yoast_head_json":{"title":"Qui je suis - Consultation Hypnose Paris","robots":{"index":"index","follow":"follow","max-snippet":"max-snippet:-1","max-image-preview":"max-image-preview:large","max-video-preview":"max-video-preview:-1"},"canonical":"http:\/\/consultation-hypnose-paris.fr\/index.php\/qui-je-suis\/","og_locale":"fr_FR","og_type":"article","og_title":"Qui je suis - Consultation Hypnose Paris","og_description":"J&rsquo;ai rencontr\u00e9 l&rsquo;hypnose \u00e0 travers ma propre recherche personnelle. La psychanalyse, la sophrologie, la m\u00e9ditation et d&rsquo;autres pratiques th\u00e9rapeutiques m&rsquo;ont toutes apport\u00e9 dans ce cheminement vers la libert\u00e9 int\u00e9rieure. L&rsquo;hypnose a cela d&rsquo;unique qu&rsquo;elle mobilise et fait participer pleinement l&rsquo;inconscient dans ce travail int\u00e9rieur. La capacit\u00e9 de l&rsquo;hypnose \u00e0 r\u00e9v\u00e9ler et mettre en action les &hellip; Continuer la lecture de &laquo;&nbsp;Qui je suis&nbsp;&raquo;","og_url":"http:\/\/consultation-hypnose-paris.fr\/index.php\/qui-je-suis\/","og_site_name":"Consultation Hypnose Paris","article_modified_time":"2019-02-24T20:07:49+00:00","og_image":[{"url":"http:\/\/consultation-hypnose-paris.fr\/wp-content\/uploads\/2016\/08\/Renaud-Foussard-Hypnose-Paris-300x199.jpg"}],"twitter_card":"summary_large_image","twitter_misc":{"Dur\u00e9e de lecture estim\u00e9e":"1 minute"},"schema":{"@context":"https:\/\/schema.org","@graph":[{"@type":"WebPage","@id":"http:\/\/consultation-hypnose-paris.fr\/index.php\/qui-je-suis\/","url":"http:\/\/consultation-hypnose-paris.fr\/index.php\/qui-je-suis\/","name":"Qui je suis - Consultation Hypnose Paris","isPartOf":{"@id":"http:\/\/consultation-hypnose-paris.fr\/#website"},"primaryImageOfPage":{"@id":"http:\/\/consultation-hypnose-paris.fr\/index.php\/qui-je-suis\/#primaryimage"},"image":{"@id":"http:\/\/consultation-hypnose-paris.fr\/index.php\/qui-je-suis\/#primaryimage"},"thumbnailUrl":"http:\/\/consultation-hypnose-paris.fr\/wp-content\/uploads\/2016\/08\/Renaud-Foussard-Hypnose-Paris-300x199.jpg","datePublished":"2016-04-17T20:35:15+00:00","dateModified":"2019-02-24T20:07:49+00:00","breadcrumb":{"@id":"http:\/\/consultation-hypnose-paris.fr\/index.php\/qui-je-suis\/#breadcrumb"},"inLanguage":"fr-FR","potentialAction":[{"@type":"ReadAction","target":["http:\/\/consultation-hypnose-paris.fr\/index.php\/qui-je-suis\/"]}]},{"@type":"ImageObject","inLanguage":"fr-FR","@id":"http:\/\/consultation-hypnose-paris.fr\/index.php\/qui-je-suis\/#primaryimage","url":"https:\/\/consultation-hypnose-paris.fr\/wp-content\/uploads\/2016\/08\/Renaud-Foussard-Hypnose-Paris.jpg","contentUrl":"https:\/\/consultation-hypnose-paris.fr\/wp-content\/uploads\/2016\/08\/Renaud-Foussard-Hypnose-Paris.jpg","width":992,"height":659},{"@type":"BreadcrumbList","@id":"http:\/\/consultation-hypnose-paris.fr\/index.php\/qui-je-suis\/#breadcrumb","itemListElement":[{"@type":"ListItem","position":1,"name":"Accueil","item":"http:\/\/consultation-hypnose-paris.fr\/"},{"@type":"ListItem","position":2,"name":"Qui je suis"}]},{"@type":"WebSite","@id":"http:\/\/consultation-hypnose-paris.fr\/#website","url":"http:\/\/consultation-hypnose-paris.fr\/","name":"Consultation Hypnose Paris","description":"Hypnose ericksonienne","potentialAction":[{"@type":"SearchAction","target":{"@type":"EntryPoint","urlTemplate":"http:\/\/consultation-hypnose-paris.fr\/?s={search_term_string}"},"query-input":"required name=search_term_string"}],"inLanguage":"fr-FR"}]}},"jetpack_sharing_enabled":true,"_links":{"self":[{"href":"https:\/\/consultation-hypnose-paris.fr\/index.php\/wp-json\/wp\/v2\/pages\/8"}],"collection":[{"href":"https:\/\/consultation-hypnose-paris.fr\/index.php\/wp-json\/wp\/v2\/pages"}],"about":[{"href":"https:\/\/consultation-hypnose-paris.fr\/index.php\/wp-json\/wp\/v2\/types\/page"}],"author":[{"embeddable":true,"href":"https:\/\/consultation-hypnose-paris.fr\/index.php\/wp-json\/wp\/v2\/users\/1"}],"replies":[{"embeddable":true,"href":"https:\/\/consultation-hypnose-paris.fr\/index.php\/wp-json\/wp\/v2\/comments?post=8"}],"version-history":[{"count":26,"href":"https:\/\/consultation-hypnose-paris.fr\/index.php\/wp-json\/wp\/v2\/pages\/8\/revisions"}],"predecessor-version":[{"id":335,"href":"https:\/\/consultation-hypnose-paris.fr\/index.php\/wp-json\/wp\/v2\/pages\/8\/revisions\/335"}],"wp:attachment":[{"href":"https:\/\/consultation-hypnose-paris.fr\/index.php\/wp-json\/wp\/v2\/media?parent=8"}],"curies":[{"name":"wp","href":"https:\/\/api.w.org\/{rel}","templated":true}]}}