{"id":65,"date":"2016-08-12T11:24:54","date_gmt":"2016-08-12T09:24:54","guid":{"rendered":"http:\/\/dev.consultation-hypnose-paris.fr\/?page_id=65"},"modified":"2023-08-29T16:33:30","modified_gmt":"2023-08-29T14:33:30","slug":"accueil","status":"publish","type":"page","link":"https:\/\/consultation-hypnose-paris.fr\/","title":{"rendered":"Accueil"},"content":{"rendered":"<div class=\"jetpack-video-wrapper\"><iframe loading=\"lazy\" title=\"Renaud Foussard Consultation Hypnose Paris\" width=\"840\" height=\"473\" src=\"https:\/\/www.youtube.com\/embed\/9Y9er_IopxY?feature=oembed\" frameborder=\"0\" allow=\"accelerometer; autoplay; clipboard-write; encrypted-media; gyroscope; picture-in-picture\" allowfullscreen><\/iframe><\/div>\n<h5><a href=\"http:\/\/consultation-hypnose-paris.fr\/index.php\/definition-hypnose\/\">L&rsquo;hypnose<\/a><\/h5>\n<figure id=\"attachment_99\" aria-describedby=\"caption-attachment-99\" style=\"width: 234px\" class=\"wp-caption alignright\"><img decoding=\"async\" loading=\"lazy\" class=\"wp-image-99 size-medium\" src=\"http:\/\/consultation-hypnose-paris.fr\/wp-content\/uploads\/2016\/08\/ernst_naissance-dune-galaxie_l-234x300.jpg\" alt=\"Induction, proc\u00e9d\u00e9 pour entrer en \u00e9tat hypnotique\" width=\"234\" height=\"300\" srcset=\"https:\/\/consultation-hypnose-paris.fr\/wp-content\/uploads\/2016\/08\/ernst_naissance-dune-galaxie_l-234x300.jpg 234w, https:\/\/consultation-hypnose-paris.fr\/wp-content\/uploads\/2016\/08\/ernst_naissance-dune-galaxie_l-768x984.jpg 768w, https:\/\/consultation-hypnose-paris.fr\/wp-content\/uploads\/2016\/08\/ernst_naissance-dune-galaxie_l-799x1024.jpg 799w, https:\/\/consultation-hypnose-paris.fr\/wp-content\/uploads\/2016\/08\/ernst_naissance-dune-galaxie_l.jpg 940w\" sizes=\"(max-width: 234px) 85vw, 234px\" \/><figcaption id=\"caption-attachment-99\" class=\"wp-caption-text\">Naissance d&rsquo;une galaxie, M. Ernst, Fond\u00b0 Bayeler<\/figcaption><\/figure>\n<p>L&rsquo;hypnose est de plus en plus connue du public. Ses applications dans le domaine m\u00e9dical et du d\u00e9veloppement personnel sont reconnues scientifiquement. En m\u00eame temps l&rsquo;hypnose continue de g\u00e9n\u00e9rer beaucoup de questions : comprendre ce qu&rsquo;est l&rsquo;hypnose; conna\u00eetre les domaines ou les situations dans lesquels elle s&rsquo;applique comme <a href=\"http:\/\/consultation-hypnose-paris.fr\/index.php\/troubles-sommeil-insomnie-paris\/\">les troubles du sommeil<\/a>, <a href=\"http:\/\/consultation-hypnose-paris.fr\/index.php\/regles-douloureuses\/\">les r\u00e8gles douloureuses<\/a> ou<a href=\"http:\/\/consultation-hypnose-paris.fr\/index.php\/arret-du-tabac-paris-14\/\"> l&rsquo;arr\u00eat du tabagisme<\/a>; d\u00e9couvrir ce que la recherche scientifique permet d&rsquo;expliquer sont autant de sujets que je vous propose d&rsquo;aborder <a href=\"http:\/\/consultation-hypnose-paris.fr\/index.php\/definition-hypnose\/\">dans cette page<\/a><\/p>\n<h5><a href=\"http:\/\/consultation-hypnose-paris.fr\/index.php\/qui-je-suis\/\">Qui je suis<\/a><\/h5>\n<p><img decoding=\"async\" loading=\"lazy\" class=\"wp-image-331\" src=\"http:\/\/consultation-hypnose-paris.fr\/wp-content\/uploads\/2016\/08\/Renaud-Foussard-Hypnose-Paris-300x199.jpg\" alt=\"Consultation Hypnose Paris 14 Renaud Foussard\" width=\"324\" height=\"215\" srcset=\"https:\/\/consultation-hypnose-paris.fr\/wp-content\/uploads\/2016\/08\/Renaud-Foussard-Hypnose-Paris-300x199.jpg 300w, https:\/\/consultation-hypnose-paris.fr\/wp-content\/uploads\/2016\/08\/Renaud-Foussard-Hypnose-Paris-768x510.jpg 768w, https:\/\/consultation-hypnose-paris.fr\/wp-content\/uploads\/2016\/08\/Renaud-Foussard-Hypnose-Paris.jpg 992w\" sizes=\"(max-width: 324px) 85vw, 324px\" \/><\/p>\n<p>C&rsquo;est ma propre analyse qui m&rsquo;a amen\u00e9 \u00e0 d\u00e9couvrir que ma vie s&rsquo;\u00e9tendait bien au-del\u00e0 de la conscience que j&rsquo;en avais. <a href=\"http:\/\/consultation-hypnose-paris.fr\/index.php\/qui-je-suis\/\">Cliquez ici<\/a> pour d\u00e9couvrir ce parcours, les raisons de mon orientation dans la pratique de l&rsquo;hypnose, mon engagement \u00e0 faire conna\u00eetre l&rsquo;hypnose en tant qu&rsquo;outil du d\u00e9veloppement personnel. Vous pourrez aussi d\u00e9couvrir une pr\u00e9sentation de la page Facebook de Consultation Hypnose Paris et les interventions que je propose en entreprises.<\/p>\n<h5><a href=\"http:\/\/consultation-hypnose-paris.fr\/index.php\/le-cabinet\/\">Le cabinet<\/a><\/h5>\n<p><a href=\"http:\/\/consultation-hypnose-paris.fr\/index.php\/le-cabinet\/\">Dans cette page<\/a>, vous trouverez tous les \u00e9l\u00e9ments pratiques : les horaires, l&rsquo;adresse, comment s&rsquo;y rendre, les stations (m\u00e9tro, bus, v\u00e9lib,&#8230;) et \u00e0 quoi il ressemble!<\/p>\n<p><em><strong>Attention<\/strong> : Les prises de rendez-vous se font directement par t\u00e9l\u00e9phone, sms ou mail; jamais par une application externe comme Pages Jaunes.<\/em><\/p>\n<h5><a href=\"http:\/\/consultation-hypnose-paris.fr\/index.php\/seances-et-tarif\/\">S\u00e9ances et tarif<\/a><\/h5>\n<p><img decoding=\"async\" loading=\"lazy\" class=\"alignright wp-image-124 size-medium\" src=\"http:\/\/consultation-hypnose-paris.fr\/wp-content\/uploads\/2016\/08\/poignee-de-main-ferme-en-guise-de-salutation_1139-111-300x199.jpg\" alt=\"la confiance, la base de la relation patient hypnotiseur\" width=\"300\" height=\"199\" srcset=\"https:\/\/consultation-hypnose-paris.fr\/wp-content\/uploads\/2016\/08\/poignee-de-main-ferme-en-guise-de-salutation_1139-111-300x199.jpg 300w, https:\/\/consultation-hypnose-paris.fr\/wp-content\/uploads\/2016\/08\/poignee-de-main-ferme-en-guise-de-salutation_1139-111.jpg 626w\" sizes=\"(max-width: 300px) 85vw, 300px\" \/>La partie principale! Car le travail sur soi, c&rsquo;est aussi (et parfois surtout) un budget qu&rsquo;il faut int\u00e9grer dans ses d\u00e9penses quotidiennes.<\/p>\n<p>Les consultations sont au <strong>tarif unique de 90\u20ac.<\/strong> Je vous explique <a href=\"http:\/\/consultation-hypnose-paris.fr\/index.php\/seances-et-tarif\/\">comment se passe une s\u00e9ance et comment estimer le nombre de s\u00e9ances <\/a>selon votre probl\u00e9matique et surtout je vous invite \u00e0 aborder aussi ce sujet en s\u00e9ance car le travail sur soi est un processus qui n\u00e9cessite un cadre clair pour \u00eatre le plus efficient possible.<\/p>\n<h5><a href=\"http:\/\/consultation-hypnose-paris.fr\/index.php\/contact\/\">Contact<\/a><\/h5>\n<p>Parce qu&rsquo;il peut \u00eatre important d&rsquo;\u00e9changer et d&rsquo;avoir des informations compl\u00e9mentaires avant de d\u00e9cider de prendre rendez-vous, <a href=\"http:\/\/consultation-hypnose-paris.fr\/index.php\/contact\/\">vous pouvez vous adresser \u00e0 moi par t\u00e9l\u00e9phone ou par mail en toute simplicit\u00e9.<\/a><\/p>\n<p>A bient\u00f4t.<\/p>\n","protected":false},"excerpt":{"rendered":"<p>L&rsquo;hypnose L&rsquo;hypnose est de plus en plus connue du public. Ses applications dans le domaine m\u00e9dical et du d\u00e9veloppement personnel sont reconnues scientifiquement. En m\u00eame temps l&rsquo;hypnose continue de g\u00e9n\u00e9rer beaucoup de questions : comprendre ce qu&rsquo;est l&rsquo;hypnose; conna\u00eetre les domaines ou les situations dans lesquels elle s&rsquo;applique comme les troubles du sommeil, les r\u00e8gles &hellip; <a href=\"https:\/\/consultation-hypnose-paris.fr\/\" class=\"more-link\">Continuer la lecture<span class=\"screen-reader-text\"> de &laquo;&nbsp;Accueil&nbsp;&raquo;<\/span><\/a><\/p>\n","protected":false},"author":1,"featured_media":0,"parent":0,"menu_order":0,"comment_status":"closed","ping_status":"closed","template":"","meta":{"footnotes":""},"yoast_head":"<!-- This site is optimized with the Yoast SEO plugin v22.6 - https:\/\/yoast.com\/wordpress\/plugins\/seo\/ -->\n<title>Hypnose \u00e0 Paris - 14\u00e8me arrondissement : Prendre rendez-vous<\/title>\n<meta name=\"description\" content=\"Arr\u00eat du tabac, manque de confiance en soi, troubles du sommeil, douleurs chroniques,... l&#039;hypnose stimule votre bien-\u00eatre physique et psychique\" \/>\n<meta name=\"robots\" content=\"index, follow, max-snippet:-1, max-image-preview:large, max-video-preview:-1\" \/>\n<link rel=\"canonical\" href=\"http:\/\/consultation-hypnose-paris.fr\/\" \/>\n<meta property=\"og:locale\" content=\"fr_FR\" \/>\n<meta property=\"og:type\" content=\"article\" \/>\n<meta property=\"og:title\" content=\"Hypnose \u00e0 Paris - 14\u00e8me arrondissement : Prendre rendez-vous\" \/>\n<meta property=\"og:description\" content=\"Arr\u00eat du tabac, manque de confiance en soi, troubles du sommeil, douleurs chroniques,... l&#039;hypnose stimule votre bien-\u00eatre physique et psychique\" \/>\n<meta property=\"og:url\" content=\"http:\/\/consultation-hypnose-paris.fr\/\" \/>\n<meta property=\"og:site_name\" content=\"Consultation Hypnose Paris\" \/>\n<meta property=\"article:modified_time\" content=\"2023-08-29T14:33:30+00:00\" \/>\n<meta property=\"og:image\" content=\"http:\/\/consultation-hypnose-paris.fr\/wp-content\/uploads\/2016\/08\/ernst_naissance-dune-galaxie_l-234x300.jpg\" \/>\n<meta name=\"twitter:card\" content=\"summary_large_image\" \/>\n<meta name=\"twitter:label1\" content=\"Dur\u00e9e de lecture estim\u00e9e\" \/>\n\t<meta name=\"twitter:data1\" content=\"2 minutes\" \/>\n<script type=\"application\/ld+json\" class=\"yoast-schema-graph\">{\"@context\":\"https:\/\/schema.org\",\"@graph\":[{\"@type\":\"WebPage\",\"@id\":\"http:\/\/consultation-hypnose-paris.fr\/\",\"url\":\"http:\/\/consultation-hypnose-paris.fr\/\",\"name\":\"Hypnose \u00e0 Paris - 14\u00e8me arrondissement : Prendre rendez-vous\",\"isPartOf\":{\"@id\":\"http:\/\/consultation-hypnose-paris.fr\/#website\"},\"primaryImageOfPage\":{\"@id\":\"http:\/\/consultation-hypnose-paris.fr\/#primaryimage\"},\"image\":{\"@id\":\"http:\/\/consultation-hypnose-paris.fr\/#primaryimage\"},\"thumbnailUrl\":\"http:\/\/consultation-hypnose-paris.fr\/wp-content\/uploads\/2016\/08\/ernst_naissance-dune-galaxie_l-234x300.jpg\",\"datePublished\":\"2016-08-12T09:24:54+00:00\",\"dateModified\":\"2023-08-29T14:33:30+00:00\",\"description\":\"Arr\u00eat du tabac, manque de confiance en soi, troubles du sommeil, douleurs chroniques,... l'hypnose stimule votre bien-\u00eatre physique et psychique\",\"breadcrumb\":{\"@id\":\"http:\/\/consultation-hypnose-paris.fr\/#breadcrumb\"},\"inLanguage\":\"fr-FR\",\"potentialAction\":[{\"@type\":\"ReadAction\",\"target\":[\"http:\/\/consultation-hypnose-paris.fr\/\"]}]},{\"@type\":\"ImageObject\",\"inLanguage\":\"fr-FR\",\"@id\":\"http:\/\/consultation-hypnose-paris.fr\/#primaryimage\",\"url\":\"http:\/\/consultation-hypnose-paris.fr\/wp-content\/uploads\/2016\/08\/ernst_naissance-dune-galaxie_l-234x300.jpg\",\"contentUrl\":\"http:\/\/consultation-hypnose-paris.fr\/wp-content\/uploads\/2016\/08\/ernst_naissance-dune-galaxie_l-234x300.jpg\"},{\"@type\":\"BreadcrumbList\",\"@id\":\"http:\/\/consultation-hypnose-paris.fr\/#breadcrumb\",\"itemListElement\":[{\"@type\":\"ListItem\",\"position\":1,\"name\":\"Accueil\",\"item\":\"http:\/\/consultation-hypnose-paris.fr\/\"},{\"@type\":\"ListItem\",\"position\":2,\"name\":\"Accueil\"}]},{\"@type\":\"WebSite\",\"@id\":\"http:\/\/consultation-hypnose-paris.fr\/#website\",\"url\":\"http:\/\/consultation-hypnose-paris.fr\/\",\"name\":\"Consultation Hypnose Paris\",\"description\":\"Hypnose ericksonienne\",\"potentialAction\":[{\"@type\":\"SearchAction\",\"target\":{\"@type\":\"EntryPoint\",\"urlTemplate\":\"http:\/\/consultation-hypnose-paris.fr\/?s={search_term_string}\"},\"query-input\":\"required name=search_term_string\"}],\"inLanguage\":\"fr-FR\"}]}<\/script>\n<!-- \/ Yoast SEO plugin. -->","yoast_head_json":{"title":"Hypnose \u00e0 Paris - 14\u00e8me arrondissement : Prendre rendez-vous","description":"Arr\u00eat du tabac, manque de confiance en soi, troubles du sommeil, douleurs chroniques,... l'hypnose stimule votre bien-\u00eatre physique et psychique","robots":{"index":"index","follow":"follow","max-snippet":"max-snippet:-1","max-image-preview":"max-image-preview:large","max-video-preview":"max-video-preview:-1"},"canonical":"http:\/\/consultation-hypnose-paris.fr\/","og_locale":"fr_FR","og_type":"article","og_title":"Hypnose \u00e0 Paris - 14\u00e8me arrondissement : Prendre rendez-vous","og_description":"Arr\u00eat du tabac, manque de confiance en soi, troubles du sommeil, douleurs chroniques,... l'hypnose stimule votre bien-\u00eatre physique et psychique","og_url":"http:\/\/consultation-hypnose-paris.fr\/","og_site_name":"Consultation Hypnose Paris","article_modified_time":"2023-08-29T14:33:30+00:00","og_image":[{"url":"http:\/\/consultation-hypnose-paris.fr\/wp-content\/uploads\/2016\/08\/ernst_naissance-dune-galaxie_l-234x300.jpg"}],"twitter_card":"summary_large_image","twitter_misc":{"Dur\u00e9e de lecture estim\u00e9e":"2 minutes"},"schema":{"@context":"https:\/\/schema.org","@graph":[{"@type":"WebPage","@id":"http:\/\/consultation-hypnose-paris.fr\/","url":"http:\/\/consultation-hypnose-paris.fr\/","name":"Hypnose \u00e0 Paris - 14\u00e8me arrondissement : Prendre rendez-vous","isPartOf":{"@id":"http:\/\/consultation-hypnose-paris.fr\/#website"},"primaryImageOfPage":{"@id":"http:\/\/consultation-hypnose-paris.fr\/#primaryimage"},"image":{"@id":"http:\/\/consultation-hypnose-paris.fr\/#primaryimage"},"thumbnailUrl":"http:\/\/consultation-hypnose-paris.fr\/wp-content\/uploads\/2016\/08\/ernst_naissance-dune-galaxie_l-234x300.jpg","datePublished":"2016-08-12T09:24:54+00:00","dateModified":"2023-08-29T14:33:30+00:00","description":"Arr\u00eat du tabac, manque de confiance en soi, troubles du sommeil, douleurs chroniques,... l'hypnose stimule votre bien-\u00eatre physique et psychique","breadcrumb":{"@id":"http:\/\/consultation-hypnose-paris.fr\/#breadcrumb"},"inLanguage":"fr-FR","potentialAction":[{"@type":"ReadAction","target":["http:\/\/consultation-hypnose-paris.fr\/"]}]},{"@type":"ImageObject","inLanguage":"fr-FR","@id":"http:\/\/consultation-hypnose-paris.fr\/#primaryimage","url":"http:\/\/consultation-hypnose-paris.fr\/wp-content\/uploads\/2016\/08\/ernst_naissance-dune-galaxie_l-234x300.jpg","contentUrl":"http:\/\/consultation-hypnose-paris.fr\/wp-content\/uploads\/2016\/08\/ernst_naissance-dune-galaxie_l-234x300.jpg"},{"@type":"BreadcrumbList","@id":"http:\/\/consultation-hypnose-paris.fr\/#breadcrumb","itemListElement":[{"@type":"ListItem","position":1,"name":"Accueil","item":"http:\/\/consultation-hypnose-paris.fr\/"},{"@type":"ListItem","position":2,"name":"Accueil"}]},{"@type":"WebSite","@id":"http:\/\/consultation-hypnose-paris.fr\/#website","url":"http:\/\/consultation-hypnose-paris.fr\/","name":"Consultation Hypnose Paris","description":"Hypnose ericksonienne","potentialAction":[{"@type":"SearchAction","target":{"@type":"EntryPoint","urlTemplate":"http:\/\/consultation-hypnose-paris.fr\/?s={search_term_string}"},"query-input":"required name=search_term_string"}],"inLanguage":"fr-FR"}]}},"jetpack_sharing_enabled":true,"_links":{"self":[{"href":"https:\/\/consultation-hypnose-paris.fr\/index.php\/wp-json\/wp\/v2\/pages\/65"}],"collection":[{"href":"https:\/\/consultation-hypnose-paris.fr\/index.php\/wp-json\/wp\/v2\/pages"}],"about":[{"href":"https:\/\/consultation-hypnose-paris.fr\/index.php\/wp-json\/wp\/v2\/types\/page"}],"author":[{"embeddable":true,"href":"https:\/\/consultation-hypnose-paris.fr\/index.php\/wp-json\/wp\/v2\/users\/1"}],"replies":[{"embeddable":true,"href":"https:\/\/consultation-hypnose-paris.fr\/index.php\/wp-json\/wp\/v2\/comments?post=65"}],"version-history":[{"count":41,"href":"https:\/\/consultation-hypnose-paris.fr\/index.php\/wp-json\/wp\/v2\/pages\/65\/revisions"}],"predecessor-version":[{"id":592,"href":"https:\/\/consultation-hypnose-paris.fr\/index.php\/wp-json\/wp\/v2\/pages\/65\/revisions\/592"}],"wp:attachment":[{"href":"https:\/\/consultation-hypnose-paris.fr\/index.php\/wp-json\/wp\/v2\/media?parent=65"}],"curies":[{"name":"wp","href":"https:\/\/api.w.org\/{rel}","templated":true}]}}