{"id":6,"date":"2016-04-17T21:35:04","date_gmt":"2016-04-17T19:35:04","guid":{"rendered":"http:\/\/dev.consultation-hypnose-paris.fr\/?page_id=6"},"modified":"2021-03-16T10:28:41","modified_gmt":"2021-03-16T08:28:41","slug":"definition-hypnose","status":"publish","type":"page","link":"https:\/\/consultation-hypnose-paris.fr\/index.php\/definition-hypnose\/","title":{"rendered":"L&rsquo;hypnose"},"content":{"rendered":"<div class=\"entry-content\">\n<p class=\"xwd9\"><em>L\u2019hypnose est de plus en plus connue du public et en m\u00eame temps g\u00e9n\u00e8re beaucoup de questions:<\/em><\/p>\n<\/div>\n<div class=\"entry-content\">\n<figure id=\"attachment_99\" aria-describedby=\"caption-attachment-99\" style=\"width: 234px\" class=\"wp-caption alignleft\"><img decoding=\"async\" loading=\"lazy\" class=\"size-medium wp-image-99\" src=\"http:\/\/consultation-hypnose-paris.fr\/wp-content\/uploads\/2016\/08\/ernst_naissance-dune-galaxie_l-234x300.jpg\" alt=\"Naissance d'une galaxie, M. Ernst, Fond\u00b0 Bayeler\" width=\"234\" height=\"300\" srcset=\"https:\/\/consultation-hypnose-paris.fr\/wp-content\/uploads\/2016\/08\/ernst_naissance-dune-galaxie_l-234x300.jpg 234w, https:\/\/consultation-hypnose-paris.fr\/wp-content\/uploads\/2016\/08\/ernst_naissance-dune-galaxie_l-768x984.jpg 768w, https:\/\/consultation-hypnose-paris.fr\/wp-content\/uploads\/2016\/08\/ernst_naissance-dune-galaxie_l-799x1024.jpg 799w, https:\/\/consultation-hypnose-paris.fr\/wp-content\/uploads\/2016\/08\/ernst_naissance-dune-galaxie_l.jpg 940w\" sizes=\"(max-width: 234px) 85vw, 234px\" \/><figcaption id=\"caption-attachment-99\" class=\"wp-caption-text\">Naissance d&rsquo;une galaxie, M. Ernst, Fond\u00b0 Bayeler<\/figcaption><\/figure>\n<ul>\n<li style=\"list-style-type: none;\">\n<ul>\n<li class=\"xwd9\"><em>Qu&rsquo;est-ce que l&rsquo;hypnose? <\/em><\/li>\n<\/ul>\n<\/li>\n<\/ul>\n<ul>\n<li style=\"list-style-type: none;\">\n<ul>\n<li class=\"xwd9\"><em>Quelles sont les applications de l&rsquo;hypnose?<\/em><\/li>\n<\/ul>\n<\/li>\n<\/ul>\n<ul>\n<li style=\"list-style-type: none;\">\n<ul>\n<li class=\"xwd9\"><em>Pourquoi et comment pratiquer l&rsquo;auto-hypnose? <\/em><\/li>\n<\/ul>\n<\/li>\n<\/ul>\n<ul>\n<li class=\"xwd9\"><em>Que dit la recherche \u00e0 propos de l&rsquo;hypnose?<\/em><\/li>\n<\/ul>\n<h3><span style=\"text-decoration: underline;\">Qu&rsquo;est-ce que l&rsquo;hypnose?<\/span><\/h3>\n<\/div>\n<p class=\"xwd9\"><span class=\"xwd45\">L&rsquo;hypnose est une technique qui permet de stimuler un fonctionnement particulier du cerveau \u00e0 travers lequel il est possible de modifier la perception (\u00e9motionnelle ou sensorielle) de notre environnement et de nous-m\u00eame.<br \/>\n<\/span><\/p>\n<p class=\"xwd9\"><span class=\"xwd45\"><img decoding=\"async\" loading=\"lazy\" class=\"size-full wp-image-177 alignleft\" src=\"http:\/\/consultation-hypnose-paris.fr\/wp-content\/uploads\/2016\/08\/hypnose-definition-2-200x200.jpg\" alt=\"hypnose-definition\" width=\"200\" height=\"200\" srcset=\"https:\/\/consultation-hypnose-paris.fr\/wp-content\/uploads\/2016\/08\/hypnose-definition-2-200x200.jpg 200w, https:\/\/consultation-hypnose-paris.fr\/wp-content\/uploads\/2016\/08\/hypnose-definition-2-200x200-150x150.jpg 150w\" sizes=\"(max-width: 200px) 85vw, 200px\" \/>L&rsquo;\u00e9tat hypnotique (\u00e9galement appel\u00e9 transe hypnotique) est un mode de fonctionnement naturel du cerveau au m\u00eame titre que celui de veille ou de sommeil. L&rsquo;entr\u00e9e et la sortie de l&rsquo;\u00e9tat hypnotique se produisent en chacun de nous r\u00e9guli\u00e8rement au cours d&rsquo;une journ\u00e9e, chaque fois que nous partons dans nos pens\u00e9es en nous d\u00e9connectant de notre environnement direct (en regardant la t\u00e9l\u00e9vision, par exemple) puis que ce dernier nous rappelle \u00ab\u00a0ici et maintenant\u00a0\u00bb (comme une sonnerie de t\u00e9l\u00e9phone, par exemple).<\/span><\/p>\n<p class=\"xwd9\"><span class=\"xwd45\">Dans le cadre d&rsquo;une prise en charge, le r\u00f4le de l&rsquo;hypnose est d&rsquo;accompagner les personnes pour qu&rsquo;elles puisent dans leurs propres ressources les r\u00e9ponses \u00e0 leurs probl\u00e9matiques.<\/span><\/p>\n<hr \/>\n<h3><span style=\"text-decoration: underline;\">Quelles sont les applications de l&rsquo;hypnose?<\/span><\/h3>\n<p class=\"xwd9\"><span class=\"xwd45\"><span style=\"color: #c92e7c;\"><em><strong>Avertissement: Toute affection de la sant\u00e9 n\u00e9cessite obligatoirement un diagnostic et un suivi m\u00e9dical. La pratique de l&rsquo;hypnose ne saurait en aucun cas s&rsquo;y substituer.<\/strong><\/em><\/span><\/span><\/p>\n<p class=\"xwd9\"><span class=\"xwd45\">L&rsquo;hypnose mobilise nos capacit\u00e9s internes. Elle est avantageusement employ\u00e9e pour<\/span><\/p>\n<p class=\"xwd9\" style=\"text-align: center;\"><span class=\"xwd45\">\u00a0 1- D\u00e9velopper la r\u00e9solution de probl\u00e8mes: <\/span><\/p>\n<p class=\"xwd9\" style=\"text-align: center;\"><span class=\"xwd45\"><img decoding=\"async\" loading=\"lazy\" class=\"size-medium wp-image-176 aligncenter\" src=\"http:\/\/consultation-hypnose-paris.fr\/wp-content\/uploads\/2016\/08\/arret-tabac-hypnose-300x169.jpg\" alt=\"arret tabac-hypnose\" width=\"300\" height=\"169\" srcset=\"https:\/\/consultation-hypnose-paris.fr\/wp-content\/uploads\/2016\/08\/arret-tabac-hypnose-300x169.jpg 300w, https:\/\/consultation-hypnose-paris.fr\/wp-content\/uploads\/2016\/08\/arret-tabac-hypnose-768x432.jpg 768w, https:\/\/consultation-hypnose-paris.fr\/wp-content\/uploads\/2016\/08\/arret-tabac-hypnose-1024x576.jpg 1024w, https:\/\/consultation-hypnose-paris.fr\/wp-content\/uploads\/2016\/08\/arret-tabac-hypnose-1200x675.jpg 1200w, https:\/\/consultation-hypnose-paris.fr\/wp-content\/uploads\/2016\/08\/arret-tabac-hypnose.jpg 1600w\" sizes=\"(max-width: 300px) 85vw, 300px\" \/><\/span><\/p>\n<ul>\n<li style=\"list-style-type: none;\">\n<ul>\n<li style=\"list-style-type: none;\">\n<ul>\n<li class=\"xwd9\"><span class=\"xwd47\"><a href=\"http:\/\/consultation-hypnose-paris.fr\/index.php\/arret-du-tabac\/\">Arr\u00eat du tabagisme<\/a>, <\/span><\/li>\n<\/ul>\n<\/li>\n<\/ul>\n<ul>\n<li style=\"list-style-type: none;\">\n<ul>\n<li class=\"xwd9\"><span class=\"xwd47\"><a href=\"http:\/\/consultation-hypnose-paris.fr\/index.php\/troubles-du-sommeil\/\">Traitement des insomnies<\/a>, <\/span><\/li>\n<\/ul>\n<\/li>\n<\/ul>\n<ul>\n<li class=\"xwd9\"><a href=\"http:\/\/consultation-hypnose-paris.fr\/index.php\/regles-douloureuses\/\">Traitement des r\u00e8gles douloureuses<\/a><\/li>\n<\/ul>\n<\/li>\n<\/ul>\n<ul>\n<li style=\"list-style-type: none;\">\n<ul>\n<li class=\"xwd9\"><span class=\"xwd47\">Gestion du stress,<\/span><\/li>\n<\/ul>\n<\/li>\n<\/ul>\n<ul>\n<li style=\"list-style-type: none;\">\n<ul>\n<li class=\"xwd9\"><span class=\"xwd47\">Traitement des douleurs chroniques, migraines,<\/span><\/li>\n<\/ul>\n<\/li>\n<\/ul>\n<ul>\n<li style=\"list-style-type: none;\">\n<ul>\n<li class=\"xwd9\"><span class=\"xwd47\">Confiance et estime de soi,&#8230;<\/span><\/li>\n<\/ul>\n<\/li>\n<\/ul>\n<p class=\"xwd9\" style=\"text-align: center;\"><span class=\"xwd45\">2- Pr\u00e9parer des \u00e9preuves<\/span><\/p>\n<p><span class=\"xwd45\"><img decoding=\"async\" loading=\"lazy\" class=\"size-medium wp-image-180 aligncenter\" src=\"http:\/\/consultation-hypnose-paris.fr\/wp-content\/uploads\/2016\/08\/etudiants-examen-300x169.jpg\" alt=\"etudiants-examen\" width=\"300\" height=\"169\" srcset=\"https:\/\/consultation-hypnose-paris.fr\/wp-content\/uploads\/2016\/08\/etudiants-examen-300x169.jpg 300w, https:\/\/consultation-hypnose-paris.fr\/wp-content\/uploads\/2016\/08\/etudiants-examen.jpg 620w\" sizes=\"(max-width: 300px) 85vw, 300px\" \/><\/span><\/p>\n<ul>\n<li style=\"list-style-type: none;\">\n<ul>\n<li class=\"xwd9\"><a href=\"http:\/\/consultation-hypnose-paris.fr\/index.php\/preparation-aux-examens\/\"><span class=\"xwd47\">Examens (baccalaur\u00e9at, \u00e9pr<\/span><span class=\"xwd47\">euves grandes \u00e9coles,&#8230;),<\/span><\/a><\/li>\n<\/ul>\n<\/li>\n<\/ul>\n<ul>\n<li style=\"list-style-type: none;\">\n<ul>\n<li class=\"xwd9\"><a href=\"http:\/\/consultation-hypnose-paris.fr\/index.php\/preparation-aux-examens\/\">Passage du permis de conduire,<\/a><\/li>\n<\/ul>\n<\/li>\n<\/ul>\n<ul>\n<li style=\"list-style-type: none;\">\n<ul>\n<li class=\"xwd9\"><span class=\"xwd47\">Comp\u00e9titions sportives,<\/span><\/li>\n<\/ul>\n<\/li>\n<\/ul>\n<ul>\n<li class=\"xwd9\"><span class=\"xwd47\">Pr\u00e9paration mentale, prise de paroles en public,&#8230;<\/span><\/li>\n<\/ul>\n<p class=\"xwd9\" style=\"text-align: center;\"><span class=\"xwd45\">3<\/span><span class=\"xwd47\">&#8211; <\/span><span class=\"xwd45\">Accro\u00eetre le potentiel \u00a0<\/span><\/p>\n<p class=\"xwd9\"><img decoding=\"async\" loading=\"lazy\" class=\"size-medium wp-image-182 aligncenter\" src=\"http:\/\/consultation-hypnose-paris.fr\/wp-content\/uploads\/2016\/08\/d\u00e9velopper-performances-300x188.jpg\" alt=\"d\u00e9velopper performances\" width=\"300\" height=\"188\" srcset=\"https:\/\/consultation-hypnose-paris.fr\/wp-content\/uploads\/2016\/08\/d\u00e9velopper-performances-300x188.jpg 300w, https:\/\/consultation-hypnose-paris.fr\/wp-content\/uploads\/2016\/08\/d\u00e9velopper-performances-768x480.jpg 768w, https:\/\/consultation-hypnose-paris.fr\/wp-content\/uploads\/2016\/08\/d\u00e9velopper-performances.jpg 960w\" sizes=\"(max-width: 300px) 85vw, 300px\" \/><\/p>\n<ul>\n<li style=\"list-style-type: none;\">\n<ul>\n<li class=\"xwd9\"><span class=\"xwd47\">D\u00e9veloppement des performances intellectuelles (concentration, m\u00e9moire,&#8230;)<\/span><\/li>\n<\/ul>\n<\/li>\n<\/ul>\n<ul>\n<li style=\"list-style-type: none;\">\n<ul>\n<li class=\"xwd9\"><span class=\"xwd47\">D\u00e9veloppement des performances physiques,<\/span><\/li>\n<\/ul>\n<\/li>\n<\/ul>\n<ul>\n<li style=\"list-style-type: none;\">\n<ul>\n<li class=\"xwd9\"><span class=\"xwd47\">L\u00e2cher-prise,&#8230;<\/span><\/li>\n<\/ul>\n<\/li>\n<\/ul>\n<p class=\"xwd9\"><span class=\"xwd45\">Je vous invite \u00e0 me contacter pour me faire part de votre situation.<\/span><\/p>\n<hr \/>\n<h3 class=\"xwd9\"><span style=\"text-decoration: underline;\">Pourquoi et comment pratiquer l&rsquo;auto-hypnose?<\/span><\/h3>\n<p class=\"xwd9\"><img decoding=\"async\" loading=\"lazy\" class=\"size-medium wp-image-174 aligncenter\" src=\"http:\/\/consultation-hypnose-paris.fr\/wp-content\/uploads\/2016\/08\/auto-hypnose-1-300x204.jpg\" alt=\"auto-hypnose 1\" width=\"300\" height=\"204\" srcset=\"https:\/\/consultation-hypnose-paris.fr\/wp-content\/uploads\/2016\/08\/auto-hypnose-1-300x204.jpg 300w, https:\/\/consultation-hypnose-paris.fr\/wp-content\/uploads\/2016\/08\/auto-hypnose-1.jpg 615w\" sizes=\"(max-width: 300px) 85vw, 300px\" \/><\/p>\n<p class=\"xwd9\">Chacun de nous devrait savoir entrer par lui-m\u00eame en \u00e9tat de transe hypnotique car c&rsquo;est une aptitude naturelle qui permet de se connecter \u00e0 soi-m\u00eame de mani\u00e8re intime et c&rsquo;est un outil de bien-\u00eatre aux multiples facettes.<\/p>\n<p class=\"xwd9\">Il y a trois pratiques courantes de l&rsquo;auto-hypnose:<\/p>\n<ul>\n<li style=\"list-style-type: none;\">\n<ul>\n<li class=\"xwd9\">Dans le cadre d&rsquo;un suivi avec un praticien en hypnose qui vous forme et vous invite \u00e0 le pratiquer en plus des s\u00e9ances;<\/li>\n<\/ul>\n<\/li>\n<\/ul>\n<ul>\n<li style=\"list-style-type: none;\">\n<ul>\n<li class=\"xwd9\">\u00a0Par le moyen d&rsquo;enregistrements vid\u00e9o ou audio accessibles sur internet. Il s&rsquo;agit alors d&rsquo;auto-hypnose guid\u00e9e;<\/li>\n<\/ul>\n<\/li>\n<\/ul>\n<ul>\n<li class=\"xwd9\">Par soi-m\u00eame, dans chaque situation qui vous semble le n\u00e9cessiter. Il est pratique en ce cas d&rsquo;avoir \u00e9t\u00e9 form\u00e9 pour ma\u00eetriser l&rsquo;induction (l&rsquo;entr\u00e9e en transe hypnotique) et la phase de travail en \u00e9tat hypnotique.<\/li>\n<\/ul>\n<hr \/>\n<h3 class=\"xwd9\"><span style=\"text-decoration: underline;\">Que dit la recherche \u00e0 propos de l&rsquo;hypnose?<\/span><\/h3>\n<p class=\"xwd9\"><img decoding=\"async\" loading=\"lazy\" class=\"size-medium wp-image-169 aligncenter\" src=\"http:\/\/consultation-hypnose-paris.fr\/wp-content\/uploads\/2016\/08\/faymonville-irm-hypnose-300x188.png\" alt=\"faymonville irm hypnose\" width=\"300\" height=\"188\" srcset=\"https:\/\/consultation-hypnose-paris.fr\/wp-content\/uploads\/2016\/08\/faymonville-irm-hypnose-300x188.png 300w, https:\/\/consultation-hypnose-paris.fr\/wp-content\/uploads\/2016\/08\/faymonville-irm-hypnose-768x480.png 768w, https:\/\/consultation-hypnose-paris.fr\/wp-content\/uploads\/2016\/08\/faymonville-irm-hypnose-1024x640.png 1024w, https:\/\/consultation-hypnose-paris.fr\/wp-content\/uploads\/2016\/08\/faymonville-irm-hypnose-1200x750.png 1200w\" sizes=\"(max-width: 300px) 85vw, 300px\" \/>Ce n&rsquo;est que depuis quelques ann\u00e9es, avec les progr\u00e8s des neurosciences, que l&rsquo;hypnose est devenue un r\u00e9el domaine d&rsquo;investigation de la recherche scientifique.<\/p>\n<p class=\"xwd9\">Dans un premier temps, les \u00e9tudes cliniques se sont port\u00e9es sur l&rsquo;efficacit\u00e9 de l&rsquo;hypnose dans des domaines o\u00f9 elle est traditionnellement employ\u00e9e comme la gestion de la douleur, le stress ou les troubles intestinaux par exemple. C&rsquo;est dans une large mesure \u00e0 la suite des r\u00e9sultats de <a href=\"http:\/\/dolfino.tv\/etude-clinique-hypnose\/\" target=\"_blank\" rel=\"noopener noreferrer\">ces \u00e9tudes qui ont confirm\u00e9 l&rsquo;efficacit\u00e9 de l&rsquo;hypnose en comparaison \u00e0 des groupes t\u00e9moins<\/a> que l&rsquo;hypnose a \u00e9t\u00e9 reconsid\u00e9r\u00e9e par le monde m\u00e9dical et int\u00e9gr\u00e9e dans les soins analg\u00e9siques ou dans l&rsquo;anesth\u00e9sie notamment.<\/p>\n<p class=\"xwd9\">Aujourd&rsquo;hui les progr\u00e8s en neuroscience permettent d&rsquo;explorer plus en avant le fonctionnement du cerveau durant un \u00e9tat de transe hypnotique. <a href=\"http:\/\/tpehypnose2014.e-monsite.com\/pages\/2-hypnose-zones-cerebrales.html\" target=\"_blank\" rel=\"noopener noreferrer\">L&rsquo;imagerie m\u00e9dicale montre notamment que certaines aires c\u00e9r\u00e9brales sont sp\u00e9cifiquement activ\u00e9es lors de l&rsquo;hypnose et que le cerveau se trouve, contrairement aux apparences, dans un \u00e9tat d&rsquo;hyper \u00e9veil.<\/a> Ces connexions entre des zones du cerveau qui n&rsquo;ont pas l&rsquo;habitude de communiquer habituellement permettent d&rsquo;avoir des capacit\u00e9s suppl\u00e9mentaires par rapport \u00e0 l&rsquo;\u00e9veil simple.<\/p>\n<p><a href=\"http:\/\/consultation-hypnose-paris.fr\/\">Retour \u00e0 l&rsquo;accueil<\/a><\/p>\n","protected":false},"excerpt":{"rendered":"<p>L\u2019hypnose est de plus en plus connue du public et en m\u00eame temps g\u00e9n\u00e8re beaucoup de questions: Qu&rsquo;est-ce que l&rsquo;hypnose? Quelles sont les applications de l&rsquo;hypnose? Pourquoi et comment pratiquer l&rsquo;auto-hypnose? Que dit la recherche \u00e0 propos de l&rsquo;hypnose? Qu&rsquo;est-ce que l&rsquo;hypnose? L&rsquo;hypnose est une technique qui permet de stimuler un fonctionnement particulier du cerveau &hellip; <a href=\"https:\/\/consultation-hypnose-paris.fr\/index.php\/definition-hypnose\/\" class=\"more-link\">Continuer la lecture<span class=\"screen-reader-text\"> de &laquo;&nbsp;L&rsquo;hypnose&nbsp;&raquo;<\/span><\/a><\/p>\n","protected":false},"author":1,"featured_media":0,"parent":0,"menu_order":1,"comment_status":"closed","ping_status":"closed","template":"","meta":{"footnotes":""},"yoast_head":"<!-- This site is optimized with the Yoast SEO plugin v22.6 - https:\/\/yoast.com\/wordpress\/plugins\/seo\/ -->\n<title>L&#039;hypnose - Consultation Hypnose Paris<\/title>\n<meta name=\"robots\" content=\"index, follow, max-snippet:-1, max-image-preview:large, max-video-preview:-1\" \/>\n<link rel=\"canonical\" href=\"https:\/\/consultation-hypnose-paris.fr\/index.php\/definition-hypnose\/\" \/>\n<meta property=\"og:locale\" content=\"fr_FR\" \/>\n<meta property=\"og:type\" content=\"article\" \/>\n<meta property=\"og:title\" content=\"L&#039;hypnose - Consultation Hypnose Paris\" \/>\n<meta property=\"og:description\" content=\"L\u2019hypnose est de plus en plus connue du public et en m\u00eame temps g\u00e9n\u00e8re beaucoup de questions: Qu&rsquo;est-ce que l&rsquo;hypnose? Quelles sont les applications de l&rsquo;hypnose? Pourquoi et comment pratiquer l&rsquo;auto-hypnose? Que dit la recherche \u00e0 propos de l&rsquo;hypnose? Qu&rsquo;est-ce que l&rsquo;hypnose? L&rsquo;hypnose est une technique qui permet de stimuler un fonctionnement particulier du cerveau &hellip; Continuer la lecture de &laquo;&nbsp;L&rsquo;hypnose&nbsp;&raquo;\" \/>\n<meta property=\"og:url\" content=\"https:\/\/consultation-hypnose-paris.fr\/index.php\/definition-hypnose\/\" \/>\n<meta property=\"og:site_name\" content=\"Consultation Hypnose Paris\" \/>\n<meta property=\"article:modified_time\" content=\"2021-03-16T08:28:41+00:00\" \/>\n<meta property=\"og:image\" content=\"http:\/\/consultation-hypnose-paris.fr\/wp-content\/uploads\/2016\/08\/ernst_naissance-dune-galaxie_l-234x300.jpg\" \/>\n<meta name=\"twitter:card\" content=\"summary_large_image\" \/>\n<meta name=\"twitter:label1\" content=\"Dur\u00e9e de lecture estim\u00e9e\" \/>\n\t<meta name=\"twitter:data1\" content=\"3 minutes\" \/>\n<script type=\"application\/ld+json\" class=\"yoast-schema-graph\">{\"@context\":\"https:\/\/schema.org\",\"@graph\":[{\"@type\":\"WebPage\",\"@id\":\"https:\/\/consultation-hypnose-paris.fr\/index.php\/definition-hypnose\/\",\"url\":\"https:\/\/consultation-hypnose-paris.fr\/index.php\/definition-hypnose\/\",\"name\":\"L'hypnose - Consultation Hypnose Paris\",\"isPartOf\":{\"@id\":\"http:\/\/consultation-hypnose-paris.fr\/#website\"},\"primaryImageOfPage\":{\"@id\":\"https:\/\/consultation-hypnose-paris.fr\/index.php\/definition-hypnose\/#primaryimage\"},\"image\":{\"@id\":\"https:\/\/consultation-hypnose-paris.fr\/index.php\/definition-hypnose\/#primaryimage\"},\"thumbnailUrl\":\"http:\/\/consultation-hypnose-paris.fr\/wp-content\/uploads\/2016\/08\/ernst_naissance-dune-galaxie_l-234x300.jpg\",\"datePublished\":\"2016-04-17T19:35:04+00:00\",\"dateModified\":\"2021-03-16T08:28:41+00:00\",\"breadcrumb\":{\"@id\":\"https:\/\/consultation-hypnose-paris.fr\/index.php\/definition-hypnose\/#breadcrumb\"},\"inLanguage\":\"fr-FR\",\"potentialAction\":[{\"@type\":\"ReadAction\",\"target\":[\"https:\/\/consultation-hypnose-paris.fr\/index.php\/definition-hypnose\/\"]}]},{\"@type\":\"ImageObject\",\"inLanguage\":\"fr-FR\",\"@id\":\"https:\/\/consultation-hypnose-paris.fr\/index.php\/definition-hypnose\/#primaryimage\",\"url\":\"http:\/\/consultation-hypnose-paris.fr\/wp-content\/uploads\/2016\/08\/ernst_naissance-dune-galaxie_l-234x300.jpg\",\"contentUrl\":\"http:\/\/consultation-hypnose-paris.fr\/wp-content\/uploads\/2016\/08\/ernst_naissance-dune-galaxie_l-234x300.jpg\"},{\"@type\":\"BreadcrumbList\",\"@id\":\"https:\/\/consultation-hypnose-paris.fr\/index.php\/definition-hypnose\/#breadcrumb\",\"itemListElement\":[{\"@type\":\"ListItem\",\"position\":1,\"name\":\"Accueil\",\"item\":\"http:\/\/consultation-hypnose-paris.fr\/\"},{\"@type\":\"ListItem\",\"position\":2,\"name\":\"L&rsquo;hypnose\"}]},{\"@type\":\"WebSite\",\"@id\":\"http:\/\/consultation-hypnose-paris.fr\/#website\",\"url\":\"http:\/\/consultation-hypnose-paris.fr\/\",\"name\":\"Consultation Hypnose Paris\",\"description\":\"Hypnose ericksonienne\",\"potentialAction\":[{\"@type\":\"SearchAction\",\"target\":{\"@type\":\"EntryPoint\",\"urlTemplate\":\"http:\/\/consultation-hypnose-paris.fr\/?s={search_term_string}\"},\"query-input\":\"required name=search_term_string\"}],\"inLanguage\":\"fr-FR\"}]}<\/script>\n<!-- \/ Yoast SEO plugin. -->","yoast_head_json":{"title":"L'hypnose - Consultation Hypnose Paris","robots":{"index":"index","follow":"follow","max-snippet":"max-snippet:-1","max-image-preview":"max-image-preview:large","max-video-preview":"max-video-preview:-1"},"canonical":"https:\/\/consultation-hypnose-paris.fr\/index.php\/definition-hypnose\/","og_locale":"fr_FR","og_type":"article","og_title":"L'hypnose - Consultation Hypnose Paris","og_description":"L\u2019hypnose est de plus en plus connue du public et en m\u00eame temps g\u00e9n\u00e8re beaucoup de questions: Qu&rsquo;est-ce que l&rsquo;hypnose? Quelles sont les applications de l&rsquo;hypnose? Pourquoi et comment pratiquer l&rsquo;auto-hypnose? Que dit la recherche \u00e0 propos de l&rsquo;hypnose? Qu&rsquo;est-ce que l&rsquo;hypnose? L&rsquo;hypnose est une technique qui permet de stimuler un fonctionnement particulier du cerveau &hellip; Continuer la lecture de &laquo;&nbsp;L&rsquo;hypnose&nbsp;&raquo;","og_url":"https:\/\/consultation-hypnose-paris.fr\/index.php\/definition-hypnose\/","og_site_name":"Consultation Hypnose Paris","article_modified_time":"2021-03-16T08:28:41+00:00","og_image":[{"url":"http:\/\/consultation-hypnose-paris.fr\/wp-content\/uploads\/2016\/08\/ernst_naissance-dune-galaxie_l-234x300.jpg"}],"twitter_card":"summary_large_image","twitter_misc":{"Dur\u00e9e de lecture estim\u00e9e":"3 minutes"},"schema":{"@context":"https:\/\/schema.org","@graph":[{"@type":"WebPage","@id":"https:\/\/consultation-hypnose-paris.fr\/index.php\/definition-hypnose\/","url":"https:\/\/consultation-hypnose-paris.fr\/index.php\/definition-hypnose\/","name":"L'hypnose - Consultation Hypnose Paris","isPartOf":{"@id":"http:\/\/consultation-hypnose-paris.fr\/#website"},"primaryImageOfPage":{"@id":"https:\/\/consultation-hypnose-paris.fr\/index.php\/definition-hypnose\/#primaryimage"},"image":{"@id":"https:\/\/consultation-hypnose-paris.fr\/index.php\/definition-hypnose\/#primaryimage"},"thumbnailUrl":"http:\/\/consultation-hypnose-paris.fr\/wp-content\/uploads\/2016\/08\/ernst_naissance-dune-galaxie_l-234x300.jpg","datePublished":"2016-04-17T19:35:04+00:00","dateModified":"2021-03-16T08:28:41+00:00","breadcrumb":{"@id":"https:\/\/consultation-hypnose-paris.fr\/index.php\/definition-hypnose\/#breadcrumb"},"inLanguage":"fr-FR","potentialAction":[{"@type":"ReadAction","target":["https:\/\/consultation-hypnose-paris.fr\/index.php\/definition-hypnose\/"]}]},{"@type":"ImageObject","inLanguage":"fr-FR","@id":"https:\/\/consultation-hypnose-paris.fr\/index.php\/definition-hypnose\/#primaryimage","url":"http:\/\/consultation-hypnose-paris.fr\/wp-content\/uploads\/2016\/08\/ernst_naissance-dune-galaxie_l-234x300.jpg","contentUrl":"http:\/\/consultation-hypnose-paris.fr\/wp-content\/uploads\/2016\/08\/ernst_naissance-dune-galaxie_l-234x300.jpg"},{"@type":"BreadcrumbList","@id":"https:\/\/consultation-hypnose-paris.fr\/index.php\/definition-hypnose\/#breadcrumb","itemListElement":[{"@type":"ListItem","position":1,"name":"Accueil","item":"http:\/\/consultation-hypnose-paris.fr\/"},{"@type":"ListItem","position":2,"name":"L&rsquo;hypnose"}]},{"@type":"WebSite","@id":"http:\/\/consultation-hypnose-paris.fr\/#website","url":"http:\/\/consultation-hypnose-paris.fr\/","name":"Consultation Hypnose Paris","description":"Hypnose ericksonienne","potentialAction":[{"@type":"SearchAction","target":{"@type":"EntryPoint","urlTemplate":"http:\/\/consultation-hypnose-paris.fr\/?s={search_term_string}"},"query-input":"required name=search_term_string"}],"inLanguage":"fr-FR"}]}},"jetpack_sharing_enabled":true,"_links":{"self":[{"href":"https:\/\/consultation-hypnose-paris.fr\/index.php\/wp-json\/wp\/v2\/pages\/6"}],"collection":[{"href":"https:\/\/consultation-hypnose-paris.fr\/index.php\/wp-json\/wp\/v2\/pages"}],"about":[{"href":"https:\/\/consultation-hypnose-paris.fr\/index.php\/wp-json\/wp\/v2\/types\/page"}],"author":[{"embeddable":true,"href":"https:\/\/consultation-hypnose-paris.fr\/index.php\/wp-json\/wp\/v2\/users\/1"}],"replies":[{"embeddable":true,"href":"https:\/\/consultation-hypnose-paris.fr\/index.php\/wp-json\/wp\/v2\/comments?post=6"}],"version-history":[{"count":50,"href":"https:\/\/consultation-hypnose-paris.fr\/index.php\/wp-json\/wp\/v2\/pages\/6\/revisions"}],"predecessor-version":[{"id":526,"href":"https:\/\/consultation-hypnose-paris.fr\/index.php\/wp-json\/wp\/v2\/pages\/6\/revisions\/526"}],"wp:attachment":[{"href":"https:\/\/consultation-hypnose-paris.fr\/index.php\/wp-json\/wp\/v2\/media?parent=6"}],"curies":[{"name":"wp","href":"https:\/\/api.w.org\/{rel}","templated":true}]}}