{"id":557,"date":"2022-01-24T13:28:24","date_gmt":"2022-01-24T11:28:24","guid":{"rendered":"http:\/\/consultation-hypnose-paris.fr\/?page_id=557"},"modified":"2022-01-24T13:28:25","modified_gmt":"2022-01-24T11:28:25","slug":"deception-amoureuse","status":"publish","type":"page","link":"https:\/\/consultation-hypnose-paris.fr\/index.php\/deception-amoureuse\/","title":{"rendered":"D\u00e9ception amoureuse"},"content":{"rendered":"\n<h3 class=\"wp-block-heading\">Rupture, d\u00e9ceptions r\u00e9p\u00e9t\u00e9es, d\u00e9pendance affective : quels enjeux dans nos vies?<\/h3>\n\n\n\n<p>La relation amoureuse est fondamentalement au c\u0153ur de notre vie, depuis notre conception jusqu&rsquo;\u00e0 notre dernier souffle. Les exp\u00e9riences d&rsquo;amour dans l&rsquo;enfance, de la t\u00e9t\u00e9e au premier baiser adolescent, participent grandement \u00e0 structurer notre psych\u00e9. Et une fois devenu adulte, la relation amoureuse met en jeu l&rsquo;ensemble de notre fonctionnement psycho-\u00e9motionnel. Nous n&rsquo;en percevons consciemment, \u00e0 un instant pr\u00e9cis qu&rsquo;une partie restreinte. \u00a8Par exemple, nous allons ressentir un \u00e9lan du c\u0153ur, le besoin d&#8217;embrasser l&rsquo;\u00eatre aim\u00e9, ou un besoin de protection ou de tendresse, ou un d\u00e9sir physique, etc&#8230;  Nous ne nous apercevons pas des enjeux inconscients qui portent ces envies. <\/p>\n\n\n\n<figure class=\"wp-block-image\"><img decoding=\"async\" loading=\"lazy\" width=\"1024\" height=\"683\" src=\"http:\/\/consultation-hypnose-paris.fr\/wp-content\/uploads\/2021\/12\/Amour-hypnose-paris-1-1024x683.jpg\" alt=\"\" class=\"wp-image-566\" srcset=\"https:\/\/consultation-hypnose-paris.fr\/wp-content\/uploads\/2021\/12\/Amour-hypnose-paris-1-1024x683.jpg 1024w, https:\/\/consultation-hypnose-paris.fr\/wp-content\/uploads\/2021\/12\/Amour-hypnose-paris-1-300x200.jpg 300w, https:\/\/consultation-hypnose-paris.fr\/wp-content\/uploads\/2021\/12\/Amour-hypnose-paris-1-768x512.jpg 768w, https:\/\/consultation-hypnose-paris.fr\/wp-content\/uploads\/2021\/12\/Amour-hypnose-paris-1-1200x800.jpg 1200w\" sizes=\"(max-width: 709px) 85vw, (max-width: 909px) 67vw, (max-width: 1362px) 62vw, 840px\" \/><figcaption><br><\/figcaption><\/figure>\n\n\n\n<p>Mais les m\u00e9canismes inconscients qui nous font nous sentir \u00e9panoui(e) aupr\u00e8s d&rsquo;un \u00eatre sont bien pr\u00e9sents. Toutes nos fonctions psychiques sont en jeu, y compris et peut-\u00eatre surtout celles qui sont bless\u00e9es et qui trouvent l&rsquo;apaisement aupr\u00e8s de cet autre. <\/p>\n\n\n\n<p>Alors, lorsqu&rsquo;un \u00e9v\u00e8nement (rupture, trahison, &#8230;) casse cette alchimie, c&rsquo;est tout l&rsquo;\u00e9difice psychique qui s&rsquo;en trouve \u00e9branl\u00e9. <\/p>\n\n\n\n<div class=\"wp-block-image\"><figure class=\"aligncenter is-resized\"><img decoding=\"async\" loading=\"lazy\" src=\"http:\/\/consultation-hypnose-paris.fr\/wp-content\/uploads\/2021\/12\/rupture-hypnose-paris-1-1024x683.jpg\" alt=\"\" class=\"wp-image-564\" width=\"602\" height=\"400\" srcset=\"https:\/\/consultation-hypnose-paris.fr\/wp-content\/uploads\/2021\/12\/rupture-hypnose-paris-1-300x200.jpg 300w, https:\/\/consultation-hypnose-paris.fr\/wp-content\/uploads\/2021\/12\/rupture-hypnose-paris-1-768x512.jpg 768w, https:\/\/consultation-hypnose-paris.fr\/wp-content\/uploads\/2021\/12\/rupture-hypnose-paris-1-1200x800.jpg 1200w\" sizes=\"(max-width: 602px) 85vw, 602px\" \/><\/figure><\/div>\n\n\n\n<h3 class=\"wp-block-heading\">La d\u00e9ception amoureuse, une \u00e9preuve pour se comprendre<\/h3>\n\n\n\n<p>La d\u00e9ception amoureuse est assur\u00e9ment un moment douloureux de la vie. Pour autant, elle ne doit pas submerger l&rsquo;individu dans la dur\u00e9e. S&rsquo;il plonge dans une d\u00e9tresse \u00e9motionnelle sans limite, il est urgent d&rsquo;agir. Mais que faire lorsqu&rsquo;on perd pied dans la sph\u00e8re intime, ou au niveau social voire professionnel?<\/p>\n\n\n\n<ul class=\"wp-block-gallery columns-1 is-cropped wp-block-gallery-1 is-layout-flex wp-block-gallery-is-layout-flex\"><li class=\"blocks-gallery-item\"><figure><img decoding=\"async\" loading=\"lazy\" width=\"859\" height=\"1024\" src=\"http:\/\/consultation-hypnose-paris.fr\/wp-content\/uploads\/2021\/12\/rupture-hypnose-paris-859x1024.jpg\" alt=\"\" data-id=\"560\" data-link=\"http:\/\/consultation-hypnose-paris.fr\/?attachment_id=560\" class=\"wp-image-560\" srcset=\"https:\/\/consultation-hypnose-paris.fr\/wp-content\/uploads\/2021\/12\/rupture-hypnose-paris-859x1024.jpg 859w, https:\/\/consultation-hypnose-paris.fr\/wp-content\/uploads\/2021\/12\/rupture-hypnose-paris-252x300.jpg 252w, https:\/\/consultation-hypnose-paris.fr\/wp-content\/uploads\/2021\/12\/rupture-hypnose-paris-768x916.jpg 768w, https:\/\/consultation-hypnose-paris.fr\/wp-content\/uploads\/2021\/12\/rupture-hypnose-paris-1200x1431.jpg 1200w\" sizes=\"(max-width: 709px) 85vw, (max-width: 909px) 67vw, (max-width: 1362px) 62vw, 840px\" \/><\/figure><\/li><\/ul>\n\n\n\n<p>Si tel est le cas, c&rsquo;est que la rupture amoureuse appuie sur des blessures psychiques ant\u00e9rieures. Elles sont r\u00e9activ\u00e9es par la d\u00e9ception amoureuse et plongent la personne dans une situation de crise tr\u00e8s douloureuse. C&rsquo;est donc la conjonction de la fin d&rsquo;une relation amoureuse avec des traumatismes plus anciens qui peut amener l&rsquo;individu \u00e0 vivre un effondrement int\u00e9rieur.<\/p>\n\n\n\n<p>C&rsquo;est ici que le travail th\u00e9rapeutique intervient pour aider la personne en d\u00e9tresse. Dans un premier temps, le th\u00e9rapeute aide le (la) patient(e) \u00e0 identifier ces failles du pass\u00e9. Puis ensemble, ils conviennent de la mani\u00e8re de les soigner. Le travail en \u00e9tat hypnotique permet alors de retrouver des rep\u00e8res internes stables. La personne peut d\u00e9sormais g\u00e9rer en adulte la fin d&rsquo;une relation qui, comme toute mort, annonce \u00e9galement une renaissance.<\/p>\n\n\n\n<h3 class=\"wp-block-heading\">Un sc\u00e9nario qui se r\u00e9p\u00e8te&#8230;<\/h3>\n\n\n\n<p>R\u00e9guli\u00e8rement des patient(e)s rapportent que leur vie amoureuse r\u00e9p\u00e8te un sc\u00e9nario qui aboutit \u00e0 une s\u00e9paration. Ces personnes se sentent attir\u00e9es par un certain type de partenaire. La relation \u00e9volue dans un sc\u00e9nario similaire jusqu&rsquo;\u00e0 une fin insatisfaisante, blessante, voire destructrice.<\/p>\n\n\n\n<ul class=\"wp-block-gallery columns-1 is-cropped wp-block-gallery-3 is-layout-flex wp-block-gallery-is-layout-flex\"><li class=\"blocks-gallery-item\"><figure><img decoding=\"async\" loading=\"lazy\" width=\"1000\" height=\"1000\" src=\"http:\/\/consultation-hypnose-paris.fr\/wp-content\/uploads\/2021\/12\/circuit-infini-de-billes-en-bois-a-monter.jpg\" alt=\"\" data-id=\"562\" data-link=\"http:\/\/consultation-hypnose-paris.fr\/?attachment_id=562\" class=\"wp-image-562\" srcset=\"https:\/\/consultation-hypnose-paris.fr\/wp-content\/uploads\/2021\/12\/circuit-infini-de-billes-en-bois-a-monter.jpg 1000w, https:\/\/consultation-hypnose-paris.fr\/wp-content\/uploads\/2021\/12\/circuit-infini-de-billes-en-bois-a-monter-150x150.jpg 150w, https:\/\/consultation-hypnose-paris.fr\/wp-content\/uploads\/2021\/12\/circuit-infini-de-billes-en-bois-a-monter-300x300.jpg 300w, https:\/\/consultation-hypnose-paris.fr\/wp-content\/uploads\/2021\/12\/circuit-infini-de-billes-en-bois-a-monter-768x768.jpg 768w\" sizes=\"(max-width: 709px) 85vw, (max-width: 909px) 67vw, (max-width: 1362px) 62vw, 840px\" \/><\/figure><\/li><\/ul>\n\n\n\n<p>Cette r\u00e9p\u00e9tition est souvent ressentie comme une condamnation. Et les personnes qui en font le constat se demandent comment sortir de ces sch\u00e9mas douloureux. Comment vaincre le \u00ab\u00a0signe indien\u00a0\u00bb qui semble les enfermer toujours plus?<\/p>\n\n\n\n<h3 class=\"wp-block-heading\">&#8230; mais qui nous apprend \u00e0 nous conna\u00eetre !<\/h3>\n\n\n\n<p>\u00ab\u00a0Ce qui n&rsquo;acc\u00e8de pas \u00e0 la conscience se transforme en destin.\u00a0\u00bb Que nous apprend cette sentence terriblement juste de Carl Gustav Jung? Nos blessures enfouies conditionnent en nous certains comportements de d\u00e9fense qui, tout en cherchant \u00e0 nous pr\u00e9server,  nous entra\u00eene inexorablement \u00e0 r\u00e9p\u00e9ter un sc\u00e9nario traumatique. La relation amoureuse est un terrain privil\u00e9gi\u00e9 pour faire revivre dans notre vie actuelle ces douleurs du pass\u00e9. Cette contrainte de r\u00e9p\u00e9tition engendre des histoires d&rsquo;amour qui pr\u00e9sentent entre elles des points communs. Ces similitudes sont des informations pr\u00e9cieuses sur ce qui est en souffrance. Elles se r\u00e9p\u00e8tent comme pour informer la conscience de ce qui doit \u00eatre pris en charge.<br><\/p>\n\n\n\n<h3 class=\"wp-block-heading\">L&rsquo;hypnose pour sortir du cercle infernal<\/h3>\n\n\n\n<p>A partir d&rsquo;un questionnement sur ces sch\u00e9mas r\u00e9p\u00e9titifs, il est possible de cerner ce qui se joue dans le champ inconscient. Les souvenirs ou les surr\u00e9actions \u00e9motionnelles dans certaines situations, par exemple, permettent de remonter jusqu&rsquo;aux causes des blessures psychiques en jeu. Le dialogue entre le patient et l&rsquo;hypnopraticien am\u00e8ne \u00e0 d\u00e9finir les suggestions les plus adapt\u00e9es pour soulager le conflit int\u00e9rieur. Elles permettent de cr\u00e9er un rapport harmonieux \u00e0 des \u00e9v\u00e8nements difficiles du pass\u00e9. Une fois ces blocages d\u00e9nou\u00e9s, la personne peut g\u00e9rer en adulte la fin d&rsquo;une relation et se projeter dans de futures rencontres, \u00e9panouissantes et respectueuses.<\/p>\n\n\n\n<figure class=\"wp-block-image\"><img decoding=\"async\" loading=\"lazy\" width=\"1024\" height=\"632\" src=\"http:\/\/consultation-hypnose-paris.fr\/wp-content\/uploads\/2022\/01\/radu-florin-CwTBt6jyagQ-unsplash-1-1024x632.jpg\" alt=\"\" class=\"wp-image-581\" srcset=\"https:\/\/consultation-hypnose-paris.fr\/wp-content\/uploads\/2022\/01\/radu-florin-CwTBt6jyagQ-unsplash-1-1024x632.jpg 1024w, https:\/\/consultation-hypnose-paris.fr\/wp-content\/uploads\/2022\/01\/radu-florin-CwTBt6jyagQ-unsplash-1-300x185.jpg 300w, https:\/\/consultation-hypnose-paris.fr\/wp-content\/uploads\/2022\/01\/radu-florin-CwTBt6jyagQ-unsplash-1-768x474.jpg 768w, https:\/\/consultation-hypnose-paris.fr\/wp-content\/uploads\/2022\/01\/radu-florin-CwTBt6jyagQ-unsplash-1-1200x740.jpg 1200w\" sizes=\"(max-width: 709px) 85vw, (max-width: 909px) 67vw, (max-width: 1362px) 62vw, 840px\" \/><\/figure>\n\n\n\n<h3 class=\"wp-block-heading\">Une relation aussi insatisfaisante qu&rsquo;indispensable : la d\u00e9pendance affective<\/h3>\n\n\n\n<p>\u00ab\u00a0Je ne supporte plus mon (ma) partenaire mais je ne me sens pas le courage de partir&#8230;\u00a0\u00bb Ainsi pourrait \u00eatre r\u00e9sum\u00e9 le ressenti des personnes en d\u00e9pendance affective. Avant d&rsquo;arriver \u00e0 ce constat, ces personnes ont \u00e9t\u00e9 souvent confront\u00e9es \u00e0 des situations d\u00e9valorisantes. La relation est devenue de plus en plus toxique, apr\u00e8s des humiliations, des vexations ou des marques de d\u00e9consid\u00e9ration r\u00e9p\u00e9t\u00e9es.<\/p>\n\n\n\n<figure class=\"wp-block-image\"><img decoding=\"async\" loading=\"lazy\" width=\"1024\" height=\"684\" src=\"http:\/\/consultation-hypnose-paris.fr\/wp-content\/uploads\/2022\/01\/engin-akyurt-_fVRg3C6XHE-unsplash-1024x684.jpg\" alt=\"\" class=\"wp-image-579\" srcset=\"https:\/\/consultation-hypnose-paris.fr\/wp-content\/uploads\/2022\/01\/engin-akyurt-_fVRg3C6XHE-unsplash-1024x684.jpg 1024w, https:\/\/consultation-hypnose-paris.fr\/wp-content\/uploads\/2022\/01\/engin-akyurt-_fVRg3C6XHE-unsplash-300x200.jpg 300w, https:\/\/consultation-hypnose-paris.fr\/wp-content\/uploads\/2022\/01\/engin-akyurt-_fVRg3C6XHE-unsplash-768x513.jpg 768w, https:\/\/consultation-hypnose-paris.fr\/wp-content\/uploads\/2022\/01\/engin-akyurt-_fVRg3C6XHE-unsplash-1200x801.jpg 1200w\" sizes=\"(max-width: 709px) 85vw, (max-width: 909px) 67vw, (max-width: 1362px) 62vw, 840px\" \/><\/figure>\n\n\n\n<p>Pour autant, la personne en d\u00e9pendance affective ne se sent pas en capacit\u00e9 de quitter. L&rsquo;id\u00e9e de la solitude ou de devoir affronter la vie sans un autre pour la soutenir lui semble hors de port\u00e9e. L\u00e0 aussi, ces situations font \u00e9cho \u00e0 un v\u00e9cu ant\u00e9rieur. Les exp\u00e9riences du pass\u00e9 n&rsquo;ont pas permis \u00e0 l&rsquo;individu de construire une confiance en soi suffisante. Dans certains cas, le pass\u00e9 a pu d\u00e9structurer toute estime et donc confiance en soi. <\/p>\n\n\n\n<figure class=\"wp-block-image\"><img decoding=\"async\" loading=\"lazy\" width=\"683\" height=\"1024\" src=\"http:\/\/consultation-hypnose-paris.fr\/wp-content\/uploads\/2022\/01\/nick-fewings-ka7REB1AJl4-unsplash-683x1024.jpg\" alt=\"\" class=\"wp-image-576\" srcset=\"https:\/\/consultation-hypnose-paris.fr\/wp-content\/uploads\/2022\/01\/nick-fewings-ka7REB1AJl4-unsplash-683x1024.jpg 683w, https:\/\/consultation-hypnose-paris.fr\/wp-content\/uploads\/2022\/01\/nick-fewings-ka7REB1AJl4-unsplash-200x300.jpg 200w, https:\/\/consultation-hypnose-paris.fr\/wp-content\/uploads\/2022\/01\/nick-fewings-ka7REB1AJl4-unsplash-768x1152.jpg 768w, https:\/\/consultation-hypnose-paris.fr\/wp-content\/uploads\/2022\/01\/nick-fewings-ka7REB1AJl4-unsplash-1200x1800.jpg 1200w\" sizes=\"(max-width: 683px) 85vw, 683px\" \/><figcaption><br><\/figcaption><\/figure>\n\n\n\n<p>La pr\u00e9sence de l&rsquo;autre devient alors aussi indispensable qu&rsquo;insupportable ! Car si l&rsquo;enfant n&rsquo;a pas de v\u00e9cu qui lui a fait d\u00e9couvrir sa capacit\u00e9 \u00e0 s&rsquo;en sortir par lui-m\u00eame, sur quelle base l&rsquo;adulte pourra-t-il s&rsquo;appuyer pour sortir d&rsquo;une impasse relationnelle? C&rsquo;est toute la question et l&rsquo;enjeu qui sont pos\u00e9s dans les situations de d\u00e9pendance affective !<\/p>\n\n\n\n<h3 class=\"wp-block-heading\">L&rsquo;hypnose comme outil de lib\u00e9ration int\u00e9rieure<\/h3>\n\n\n\n<p>L&rsquo;hypnose est alors un outil opportun. L&rsquo;impact de l&rsquo;hypnose sur la confiance en soi et l&rsquo;estime de soi est connu et utilis\u00e9 depuis les d\u00e9buts de l&rsquo;hypnoth\u00e9rapie. Le travail \u00e9labor\u00e9 avec le (la) patient(e) pour reconstruire la capacit\u00e9 \u00e0 croire en soi, en son pouvoir de g\u00e9rer sa propre vie est le levier pour sortir des situations de d\u00e9pendance affective. Une fois la confiance int\u00e9rieure revenue, les param\u00e8tres de la relation \u00e0 deux se red\u00e9finissent. La personne est alors en capacit\u00e9 de choisir, en conscience, son chemin et quel(le) partenaire est en accord ou pas pour l&rsquo;accompagner.<\/p>\n\n\n\n<figure class=\"wp-block-image\"><img decoding=\"async\" loading=\"lazy\" width=\"1024\" height=\"683\" src=\"http:\/\/consultation-hypnose-paris.fr\/wp-content\/uploads\/2022\/01\/kristina-litvjak-FO18LpXMlvk-unsplash-1024x683.jpg\" alt=\"\" class=\"wp-image-583\" srcset=\"https:\/\/consultation-hypnose-paris.fr\/wp-content\/uploads\/2022\/01\/kristina-litvjak-FO18LpXMlvk-unsplash-1024x683.jpg 1024w, https:\/\/consultation-hypnose-paris.fr\/wp-content\/uploads\/2022\/01\/kristina-litvjak-FO18LpXMlvk-unsplash-300x200.jpg 300w, https:\/\/consultation-hypnose-paris.fr\/wp-content\/uploads\/2022\/01\/kristina-litvjak-FO18LpXMlvk-unsplash-768x512.jpg 768w, https:\/\/consultation-hypnose-paris.fr\/wp-content\/uploads\/2022\/01\/kristina-litvjak-FO18LpXMlvk-unsplash-1200x800.jpg 1200w, https:\/\/consultation-hypnose-paris.fr\/wp-content\/uploads\/2022\/01\/kristina-litvjak-FO18LpXMlvk-unsplash.jpg 2048w\" sizes=\"(max-width: 709px) 85vw, (max-width: 909px) 67vw, (max-width: 1362px) 62vw, 840px\" \/><\/figure>\n","protected":false},"excerpt":{"rendered":"<p>Rupture, d\u00e9ceptions r\u00e9p\u00e9t\u00e9es, d\u00e9pendance affective : quels enjeux dans nos vies? La relation amoureuse est fondamentalement au c\u0153ur de notre vie, depuis notre conception jusqu&rsquo;\u00e0 notre dernier souffle. Les exp\u00e9riences d&rsquo;amour dans l&rsquo;enfance, de la t\u00e9t\u00e9e au premier baiser adolescent, participent grandement \u00e0 structurer notre psych\u00e9. Et une fois devenu adulte, la relation amoureuse met &hellip; <a href=\"https:\/\/consultation-hypnose-paris.fr\/index.php\/deception-amoureuse\/\" class=\"more-link\">Continuer la lecture<span class=\"screen-reader-text\"> de &laquo;&nbsp;D\u00e9ception amoureuse&nbsp;&raquo;<\/span><\/a><\/p>\n","protected":false},"author":1,"featured_media":0,"parent":0,"menu_order":0,"comment_status":"closed","ping_status":"closed","template":"","meta":{"footnotes":""},"yoast_head":"<!-- This site is optimized with the Yoast SEO plugin v22.6 - https:\/\/yoast.com\/wordpress\/plugins\/seo\/ -->\n<title>D\u00e9ception amoureuse - Consultation Hypnose Paris<\/title>\n<meta name=\"robots\" content=\"index, follow, max-snippet:-1, max-image-preview:large, max-video-preview:-1\" \/>\n<link rel=\"canonical\" href=\"http:\/\/consultation-hypnose-paris.fr\/index.php\/deception-amoureuse\/\" \/>\n<meta property=\"og:locale\" content=\"fr_FR\" \/>\n<meta property=\"og:type\" content=\"article\" \/>\n<meta property=\"og:title\" content=\"D\u00e9ception amoureuse - Consultation Hypnose Paris\" \/>\n<meta property=\"og:description\" content=\"Rupture, d\u00e9ceptions r\u00e9p\u00e9t\u00e9es, d\u00e9pendance affective : quels enjeux dans nos vies? La relation amoureuse est fondamentalement au c\u0153ur de notre vie, depuis notre conception jusqu&rsquo;\u00e0 notre dernier souffle. Les exp\u00e9riences d&rsquo;amour dans l&rsquo;enfance, de la t\u00e9t\u00e9e au premier baiser adolescent, participent grandement \u00e0 structurer notre psych\u00e9. Et une fois devenu adulte, la relation amoureuse met &hellip; Continuer la lecture de &laquo;&nbsp;D\u00e9ception amoureuse&nbsp;&raquo;\" \/>\n<meta property=\"og:url\" content=\"http:\/\/consultation-hypnose-paris.fr\/index.php\/deception-amoureuse\/\" \/>\n<meta property=\"og:site_name\" content=\"Consultation Hypnose Paris\" \/>\n<meta property=\"article:modified_time\" content=\"2022-01-24T11:28:25+00:00\" \/>\n<meta property=\"og:image\" content=\"http:\/\/consultation-hypnose-paris.fr\/wp-content\/uploads\/2021\/12\/Amour-hypnose-paris-1-1024x683.jpg\" \/>\n<meta name=\"twitter:card\" content=\"summary_large_image\" \/>\n<meta name=\"twitter:label1\" content=\"Dur\u00e9e de lecture estim\u00e9e\" \/>\n\t<meta name=\"twitter:data1\" content=\"5 minutes\" \/>\n<script type=\"application\/ld+json\" class=\"yoast-schema-graph\">{\"@context\":\"https:\/\/schema.org\",\"@graph\":[{\"@type\":\"WebPage\",\"@id\":\"http:\/\/consultation-hypnose-paris.fr\/index.php\/deception-amoureuse\/\",\"url\":\"http:\/\/consultation-hypnose-paris.fr\/index.php\/deception-amoureuse\/\",\"name\":\"D\u00e9ception amoureuse - Consultation Hypnose Paris\",\"isPartOf\":{\"@id\":\"http:\/\/consultation-hypnose-paris.fr\/#website\"},\"primaryImageOfPage\":{\"@id\":\"http:\/\/consultation-hypnose-paris.fr\/index.php\/deception-amoureuse\/#primaryimage\"},\"image\":{\"@id\":\"http:\/\/consultation-hypnose-paris.fr\/index.php\/deception-amoureuse\/#primaryimage\"},\"thumbnailUrl\":\"http:\/\/consultation-hypnose-paris.fr\/wp-content\/uploads\/2021\/12\/Amour-hypnose-paris-1-1024x683.jpg\",\"datePublished\":\"2022-01-24T11:28:24+00:00\",\"dateModified\":\"2022-01-24T11:28:25+00:00\",\"breadcrumb\":{\"@id\":\"http:\/\/consultation-hypnose-paris.fr\/index.php\/deception-amoureuse\/#breadcrumb\"},\"inLanguage\":\"fr-FR\",\"potentialAction\":[{\"@type\":\"ReadAction\",\"target\":[\"http:\/\/consultation-hypnose-paris.fr\/index.php\/deception-amoureuse\/\"]}]},{\"@type\":\"ImageObject\",\"inLanguage\":\"fr-FR\",\"@id\":\"http:\/\/consultation-hypnose-paris.fr\/index.php\/deception-amoureuse\/#primaryimage\",\"url\":\"https:\/\/consultation-hypnose-paris.fr\/wp-content\/uploads\/2021\/12\/Amour-hypnose-paris-1.jpg\",\"contentUrl\":\"https:\/\/consultation-hypnose-paris.fr\/wp-content\/uploads\/2021\/12\/Amour-hypnose-paris-1.jpg\",\"width\":6000,\"height\":4000},{\"@type\":\"BreadcrumbList\",\"@id\":\"http:\/\/consultation-hypnose-paris.fr\/index.php\/deception-amoureuse\/#breadcrumb\",\"itemListElement\":[{\"@type\":\"ListItem\",\"position\":1,\"name\":\"Accueil\",\"item\":\"http:\/\/consultation-hypnose-paris.fr\/\"},{\"@type\":\"ListItem\",\"position\":2,\"name\":\"D\u00e9ception amoureuse\"}]},{\"@type\":\"WebSite\",\"@id\":\"http:\/\/consultation-hypnose-paris.fr\/#website\",\"url\":\"http:\/\/consultation-hypnose-paris.fr\/\",\"name\":\"Consultation Hypnose Paris\",\"description\":\"Hypnose ericksonienne\",\"potentialAction\":[{\"@type\":\"SearchAction\",\"target\":{\"@type\":\"EntryPoint\",\"urlTemplate\":\"http:\/\/consultation-hypnose-paris.fr\/?s={search_term_string}\"},\"query-input\":\"required name=search_term_string\"}],\"inLanguage\":\"fr-FR\"}]}<\/script>\n<!-- \/ Yoast SEO plugin. -->","yoast_head_json":{"title":"D\u00e9ception amoureuse - Consultation Hypnose Paris","robots":{"index":"index","follow":"follow","max-snippet":"max-snippet:-1","max-image-preview":"max-image-preview:large","max-video-preview":"max-video-preview:-1"},"canonical":"http:\/\/consultation-hypnose-paris.fr\/index.php\/deception-amoureuse\/","og_locale":"fr_FR","og_type":"article","og_title":"D\u00e9ception amoureuse - Consultation Hypnose Paris","og_description":"Rupture, d\u00e9ceptions r\u00e9p\u00e9t\u00e9es, d\u00e9pendance affective : quels enjeux dans nos vies? La relation amoureuse est fondamentalement au c\u0153ur de notre vie, depuis notre conception jusqu&rsquo;\u00e0 notre dernier souffle. Les exp\u00e9riences d&rsquo;amour dans l&rsquo;enfance, de la t\u00e9t\u00e9e au premier baiser adolescent, participent grandement \u00e0 structurer notre psych\u00e9. Et une fois devenu adulte, la relation amoureuse met &hellip; Continuer la lecture de &laquo;&nbsp;D\u00e9ception amoureuse&nbsp;&raquo;","og_url":"http:\/\/consultation-hypnose-paris.fr\/index.php\/deception-amoureuse\/","og_site_name":"Consultation Hypnose Paris","article_modified_time":"2022-01-24T11:28:25+00:00","og_image":[{"url":"http:\/\/consultation-hypnose-paris.fr\/wp-content\/uploads\/2021\/12\/Amour-hypnose-paris-1-1024x683.jpg"}],"twitter_card":"summary_large_image","twitter_misc":{"Dur\u00e9e de lecture estim\u00e9e":"5 minutes"},"schema":{"@context":"https:\/\/schema.org","@graph":[{"@type":"WebPage","@id":"http:\/\/consultation-hypnose-paris.fr\/index.php\/deception-amoureuse\/","url":"http:\/\/consultation-hypnose-paris.fr\/index.php\/deception-amoureuse\/","name":"D\u00e9ception amoureuse - Consultation Hypnose Paris","isPartOf":{"@id":"http:\/\/consultation-hypnose-paris.fr\/#website"},"primaryImageOfPage":{"@id":"http:\/\/consultation-hypnose-paris.fr\/index.php\/deception-amoureuse\/#primaryimage"},"image":{"@id":"http:\/\/consultation-hypnose-paris.fr\/index.php\/deception-amoureuse\/#primaryimage"},"thumbnailUrl":"http:\/\/consultation-hypnose-paris.fr\/wp-content\/uploads\/2021\/12\/Amour-hypnose-paris-1-1024x683.jpg","datePublished":"2022-01-24T11:28:24+00:00","dateModified":"2022-01-24T11:28:25+00:00","breadcrumb":{"@id":"http:\/\/consultation-hypnose-paris.fr\/index.php\/deception-amoureuse\/#breadcrumb"},"inLanguage":"fr-FR","potentialAction":[{"@type":"ReadAction","target":["http:\/\/consultation-hypnose-paris.fr\/index.php\/deception-amoureuse\/"]}]},{"@type":"ImageObject","inLanguage":"fr-FR","@id":"http:\/\/consultation-hypnose-paris.fr\/index.php\/deception-amoureuse\/#primaryimage","url":"https:\/\/consultation-hypnose-paris.fr\/wp-content\/uploads\/2021\/12\/Amour-hypnose-paris-1.jpg","contentUrl":"https:\/\/consultation-hypnose-paris.fr\/wp-content\/uploads\/2021\/12\/Amour-hypnose-paris-1.jpg","width":6000,"height":4000},{"@type":"BreadcrumbList","@id":"http:\/\/consultation-hypnose-paris.fr\/index.php\/deception-amoureuse\/#breadcrumb","itemListElement":[{"@type":"ListItem","position":1,"name":"Accueil","item":"http:\/\/consultation-hypnose-paris.fr\/"},{"@type":"ListItem","position":2,"name":"D\u00e9ception amoureuse"}]},{"@type":"WebSite","@id":"http:\/\/consultation-hypnose-paris.fr\/#website","url":"http:\/\/consultation-hypnose-paris.fr\/","name":"Consultation Hypnose Paris","description":"Hypnose ericksonienne","potentialAction":[{"@type":"SearchAction","target":{"@type":"EntryPoint","urlTemplate":"http:\/\/consultation-hypnose-paris.fr\/?s={search_term_string}"},"query-input":"required name=search_term_string"}],"inLanguage":"fr-FR"}]}},"jetpack_sharing_enabled":true,"_links":{"self":[{"href":"https:\/\/consultation-hypnose-paris.fr\/index.php\/wp-json\/wp\/v2\/pages\/557"}],"collection":[{"href":"https:\/\/consultation-hypnose-paris.fr\/index.php\/wp-json\/wp\/v2\/pages"}],"about":[{"href":"https:\/\/consultation-hypnose-paris.fr\/index.php\/wp-json\/wp\/v2\/types\/page"}],"author":[{"embeddable":true,"href":"https:\/\/consultation-hypnose-paris.fr\/index.php\/wp-json\/wp\/v2\/users\/1"}],"replies":[{"embeddable":true,"href":"https:\/\/consultation-hypnose-paris.fr\/index.php\/wp-json\/wp\/v2\/comments?post=557"}],"version-history":[{"count":6,"href":"https:\/\/consultation-hypnose-paris.fr\/index.php\/wp-json\/wp\/v2\/pages\/557\/revisions"}],"predecessor-version":[{"id":584,"href":"https:\/\/consultation-hypnose-paris.fr\/index.php\/wp-json\/wp\/v2\/pages\/557\/revisions\/584"}],"wp:attachment":[{"href":"https:\/\/consultation-hypnose-paris.fr\/index.php\/wp-json\/wp\/v2\/media?parent=557"}],"curies":[{"name":"wp","href":"https:\/\/api.w.org\/{rel}","templated":true}]}}