{"id":518,"date":"2021-12-21T13:16:50","date_gmt":"2021-12-21T11:16:50","guid":{"rendered":"http:\/\/consultation-hypnose-paris.fr\/?page_id=518"},"modified":"2025-04-04T14:24:50","modified_gmt":"2025-04-04T12:24:50","slug":"etats-deprimes","status":"publish","type":"page","link":"https:\/\/consultation-hypnose-paris.fr\/index.php\/etats-deprimes\/","title":{"rendered":"Stress, burn-out, d\u00e9pression ? Consultation Hypnose Paris vous accompagne pour retrouver votre \u00e9lan vital !"},"content":{"rendered":"\n<p>Vivre \u00e0 Paris, c\u2019est \u00eatre confront\u00e9 au stress dans son quotidien. Crise de nerfs, burn-out, d\u00e9pression sont malheureusement des incidents de la vie auxquels chacun peut \u00eatre confront\u00e9. L\u2019hypnose est un alli\u00e9 puissant pour se recentrer et mettre la juste distance par rapport \u00e0 un environnement stressant. <a href=\"https:\/\/consultation-hypnose-paris.fr\/\">Consultation Hypnose Paris<\/a> vous propose des s\u00e9ances pour lutter contre les troubles de l\u2019\u00e9motion et les \u00e9tats d\u00e9pressifs.<\/p>\n\n\n\n<h2 class=\"wp-block-heading\">Quand faut-il se rendre en cabinet d\u2019hypnose pour sa d\u00e9pression \u00e0 Paris ?<\/h2>\n\n\n\n<h3 class=\"wp-block-heading\">D\u00e9prime, anxi\u00e9t\u00e9, mal-\u00eatre : qu\u2019est-ce qu\u2019un \u00e9tat d\u00e9prim\u00e9 ?<\/h3>\n\n\n\n<p>Nous sommes des \u00eatres travers\u00e9es en permanence d&rsquo;\u00e9motions. Elles cr\u00e9ent comme une m\u00e9t\u00e9o int\u00e9rieure o\u00f9 parfois il fait beau et parfois il fait gris. Mais quand on en est \u00e0 quatre semaines de pluies ininterrompues, le temps devient long et le spleen n&rsquo;est pas loin !<\/p>\n\n\n<div class=\"wp-block-image is-resized\">\n<figure class=\"aligncenter\"><img decoding=\"async\" loading=\"lazy\" width=\"1024\" height=\"683\" src=\"http:\/\/consultation-hypnose-paris.fr\/wp-content\/uploads\/2021\/12\/D\u00e9pression-Hypnose-Paris-1024x683.jpg\" alt=\"Traitement de la d\u00e9pression par l\u2019hypnose \u00e0 Paris\" class=\"wp-image-539\" srcset=\"https:\/\/consultation-hypnose-paris.fr\/wp-content\/uploads\/2021\/12\/D\u00e9pression-Hypnose-Paris-1024x683.jpg 1024w, https:\/\/consultation-hypnose-paris.fr\/wp-content\/uploads\/2021\/12\/D\u00e9pression-Hypnose-Paris-300x200.jpg 300w, https:\/\/consultation-hypnose-paris.fr\/wp-content\/uploads\/2021\/12\/D\u00e9pression-Hypnose-Paris-768x512.jpg 768w, https:\/\/consultation-hypnose-paris.fr\/wp-content\/uploads\/2021\/12\/D\u00e9pression-Hypnose-Paris-1200x800.jpg 1200w\" sizes=\"(max-width: 709px) 85vw, (max-width: 909px) 67vw, (max-width: 1362px) 62vw, 840px\" \/><\/figure><\/div>\n\n\n<p><\/p>\n\n\n\n<p>Vivre de temps en temps des \u00e9motions n\u00e9gatives est normal, \u00e0 l&rsquo;image de la vie. Mais les vivre en boucle en ruminant des pens\u00e9es noires, en ne sentant plus d&rsquo;envie ou de courage, en s&rsquo;estimant sans valeur,&#8230;sont les signes qu&rsquo;une d\u00e9prime s&rsquo;installe. Un mal-\u00eatre qui devient le d\u00e9cor quotidien : Il est temps de r\u00e9agir pour sortir de ce mauvais ressenti ! <\/p>\n\n\n\n<h3 class=\"wp-block-heading\">Tristesse, angoisse, fatigue : quels sont les sympt\u00f4mes de la d\u00e9pression trait\u00e9s par l\u2019hypnose ?<\/h3>\n\n\n\n<p>La d\u00e9pression est le trouble de sant\u00e9 mentale qui affecte le plus fr\u00e9quemment la population fran\u00e7aise. Ainsi, 5 \u00e0 15% de la population est en risque de conna\u00eetre un \u00e9pisode d\u00e9pressif au cours de sa vie. Et les femmes sont deux fois plus sujettes \u00e0 cette pathologie que les hommes.<\/p>\n\n\n\n<p>L&rsquo;\u00e9tat d\u00e9pressif se caract\u00e9rise par une humeur de la personne fig\u00e9e dans la tristesse et la douleur. Ce trouble du comportement s&rsquo;accompagne d&rsquo;une perte des humeurs positives :<\/p>\n\n\n\n<ul>\n<li>Incapacit\u00e9 \u00e0 \u00e9prouver du plaisir,<\/li>\n\n\n\n<li>Perte de la volont\u00e9,<\/li>\n\n\n\n<li>Incapacit\u00e9 \u00e0 entreprendre des actions,<\/li>\n\n\n\n<li>Perte de l&rsquo;\u00e9lan vital, des envies, &#8230;<\/li>\n<\/ul>\n\n\n<div class=\"wp-block-image is-resized\">\n<figure class=\"aligncenter\"><img decoding=\"async\" loading=\"lazy\" width=\"683\" height=\"1024\" src=\"http:\/\/consultation-hypnose-paris.fr\/wp-content\/uploads\/2021\/12\/D\u00e9prime-Hypnose-Paris-683x1024.jpg\" alt=\"Retrouver un \u00e9lan vital avec l\u2019hypnose\" class=\"wp-image-543\" style=\"aspect-ratio:0.6669921875;width:385px;height:auto\" srcset=\"https:\/\/consultation-hypnose-paris.fr\/wp-content\/uploads\/2021\/12\/D\u00e9prime-Hypnose-Paris-683x1024.jpg 683w, https:\/\/consultation-hypnose-paris.fr\/wp-content\/uploads\/2021\/12\/D\u00e9prime-Hypnose-Paris-200x300.jpg 200w, https:\/\/consultation-hypnose-paris.fr\/wp-content\/uploads\/2021\/12\/D\u00e9prime-Hypnose-Paris-768x1152.jpg 768w, https:\/\/consultation-hypnose-paris.fr\/wp-content\/uploads\/2021\/12\/D\u00e9prime-Hypnose-Paris-1200x1800.jpg 1200w\" sizes=\"(max-width: 683px) 85vw, 683px\" \/><\/figure><\/div>\n\n\n<p><\/p>\n\n\n\n<p>Un autre trait caract\u00e9ristique de l&rsquo;\u00e9tat d\u00e9pressif est l&rsquo;impossibilit\u00e9 de trouver une option qui d\u00e9bouche sur une solution. Le patient est enferm\u00e9 dans une logique d&rsquo;\u00e9chec, quelques soient les orientations envisag\u00e9es pour sa vie. Cela s&rsquo;accompagne de ruminations invasives dans lesquelles la personne d\u00e9prim\u00e9e s&rsquo;enfonce sans pouvoir sortir de ses pens\u00e9es n\u00e9gatives.<\/p>\n\n\n\n<p>Il n\u2019est d\u2019ailleurs pas rare que la d\u00e9pression soit accompagn\u00e9e de <a href=\"https:\/\/consultation-hypnose-paris.fr\/index.php\/troubles-sommeil-insomnie-paris\/\">troubles du sommeil<\/a>, qu\u2019il est aussi possible de traiter efficacement par l\u2019hypnose.<\/p>\n\n\n\n<h2 class=\"wp-block-heading\">Est-ce que l&rsquo;hypnose peut gu\u00e9rir la d\u00e9pression ?<\/h2>\n\n\n\n<p>En premier lieu, il faut rappeler que la d\u00e9pression est un trouble de la sant\u00e9 mentale qui peut \u00eatre class\u00e9 en trois niveaux : l\u00e9ger, mod\u00e9r\u00e9 ou s\u00e9v\u00e8re. Il est important de poser un diagnostic par un m\u00e9decin qui \u00e9value au regard du nombre et de la gravit\u00e9 des sympt\u00f4mes le niveau de l\u2019\u00e9pisode d\u00e9pressif. (<a href=\"https:\/\/www.who.int\/fr\/news-room\/fact-sheets\/detail\/depression\">site OMS<\/a>)<\/p>\n\n\n\n<h3 class=\"wp-block-heading\">L\u2019hypnose pour aider \u00e0 retrouver la confiance en soi perdue<\/h3>\n\n\n\n<p>Les \u00e9tats d\u00e9pressifs sont souvent li\u00e9s \u00e0 une image de soi d\u00e9pr\u00e9ci\u00e9e. Cela fait \u00e9cho \u00e0 un v\u00e9cu en \u00e9chec dans sa capacit\u00e9 \u00e0 \u00eatre reconnu, valid\u00e9 ou aim\u00e9. Quand tout va bien, ces blessures psychiques ne p\u00e8sent pas suffisamment dans la vie courante pour installer un mal-\u00eatre. Mais une mauvaise nouvelle, des probl\u00e8mes qui s&rsquo;accumulent, une rupture, ou simplement les jours qui raccourcissent\u2026 et soudain \u00ab\u00a0les vieux d\u00e9mons\u00a0\u00bb r\u00e9apparaissent. <\/p>\n\n\n\n<figure class=\"wp-block-gallery has-nested-images columns-default is-cropped wp-block-gallery-1 is-layout-flex wp-block-gallery-is-layout-flex\">\n<figure class=\"wp-block-image\"><img decoding=\"async\" loading=\"lazy\" width=\"1005\" height=\"1024\" data-id=\"571\" src=\"https:\/\/consultation-hypnose-paris.fr\/wp-content\/uploads\/2022\/01\/estime-soi-hypnose-paris-3-1005x1024.jpg\" alt=\"Hypnose pour renforcer son estime de soi durant l\u2019\u00e9tat d\u00e9pressif\" class=\"wp-image-571\" srcset=\"https:\/\/consultation-hypnose-paris.fr\/wp-content\/uploads\/2022\/01\/estime-soi-hypnose-paris-3-1005x1024.jpg 1005w, https:\/\/consultation-hypnose-paris.fr\/wp-content\/uploads\/2022\/01\/estime-soi-hypnose-paris-3-294x300.jpg 294w, https:\/\/consultation-hypnose-paris.fr\/wp-content\/uploads\/2022\/01\/estime-soi-hypnose-paris-3-768x782.jpg 768w, https:\/\/consultation-hypnose-paris.fr\/wp-content\/uploads\/2022\/01\/estime-soi-hypnose-paris-3-1200x1222.jpg 1200w\" sizes=\"(max-width: 709px) 85vw, (max-width: 909px) 67vw, (max-width: 1362px) 62vw, 840px\" \/><\/figure>\n<\/figure>\n\n\n\n<p><\/p>\n\n\n\n<p>Les fonctions psychiques qui entrent en jeu pour g\u00e9rer des situations compliqu\u00e9es, de l&rsquo;adversit\u00e9, des \u00e9checs, etc&#8230; s&rsquo;appuient sur l&rsquo;estime de soi. C&rsquo;est-\u00e0-dire en la croyance dans notre capacit\u00e9 \u00e0 vaincre, \u00e0 \u00eatre le plus fort, \u00e0 \u00eatre digne de la reconnaissance de l&rsquo;autre. Ces fonctions se sont structur\u00e9es au cours de notre enfance essentiellement. Si elles n&rsquo;ont pu se construire suffisamment, alors l&rsquo;individu se sent en doute sur sa capacit\u00e9 \u00e0 changer les choses. Les \u00e9motions n\u00e9gatives prennent le pas : angoisse, anxi\u00e9t\u00e9, pessimisme, d\u00e9couragement,&#8230;<\/p>\n\n\n\n<h3 class=\"wp-block-heading\">L\u2019hypnose pour renouer avec l\u2019\u00e9lan vital pendant la d\u00e9pression<\/h3>\n\n\n\n<p>Parce que l&rsquo;hypnose permet de faire vivre des exp\u00e9riences valorisantes, il est possible de booster l&rsquo;estime de soi et la confiance en ses capacit\u00e9s. Pour que ce coup de fouet psychique soit p\u00e9renne, il faut y apporter des suggestions adapt\u00e9es \u00e0 chaque personne. Et dans une approche plus profonde, il est \u00e9galement possible de r\u00e9parer le rapport \u00e0 des \u00e9v\u00e8nements difficiles de l&rsquo;enfance qui ont particip\u00e9 \u00e0 instaurer un \u00e9tat d\u00e9prim\u00e9. <\/p>\n\n\n\n<figure class=\"wp-block-gallery has-nested-images columns-default is-cropped wp-block-gallery-3 is-layout-flex wp-block-gallery-is-layout-flex\">\n<figure class=\"wp-block-image\"><img decoding=\"async\" loading=\"lazy\" width=\"1024\" height=\"931\" data-id=\"573\" src=\"https:\/\/consultation-hypnose-paris.fr\/wp-content\/uploads\/2022\/01\/P\u00e8re-enfant-2-1024x931.jpg\" alt=\"L\u2019hypnose peut aider \u00e0 lutter contre la d\u00e9pression\" class=\"wp-image-573\" srcset=\"https:\/\/consultation-hypnose-paris.fr\/wp-content\/uploads\/2022\/01\/P\u00e8re-enfant-2-1024x931.jpg 1024w, https:\/\/consultation-hypnose-paris.fr\/wp-content\/uploads\/2022\/01\/P\u00e8re-enfant-2-300x273.jpg 300w, https:\/\/consultation-hypnose-paris.fr\/wp-content\/uploads\/2022\/01\/P\u00e8re-enfant-2-768x698.jpg 768w, https:\/\/consultation-hypnose-paris.fr\/wp-content\/uploads\/2022\/01\/P\u00e8re-enfant-2-1200x1091.jpg 1200w\" sizes=\"(max-width: 709px) 85vw, (max-width: 909px) 67vw, (max-width: 1362px) 62vw, 840px\" \/><\/figure>\n<\/figure>\n\n\n\n<h2 class=\"wp-block-heading\">L\u2019hypnose : un appui th\u00e9rapeutique efficace pour les \u00e9tats d\u00e9pressifs<\/h2>\n\n\n\n<h3 class=\"wp-block-heading\">Une prise en charge m\u00e9dicale indispensable<\/h3>\n\n\n\n<p>D\u00e8s lors que l&rsquo;\u00e9tat d\u00e9pressif s&rsquo;installe et cr\u00e9e des difficult\u00e9s dans la vie professionnelle, sociale ou priv\u00e9e de l&rsquo;individu, il est indispensable que la pathologie soit diagnostiqu\u00e9e et prise en charge par un m\u00e9decin. D&rsquo;autant que l&rsquo;\u00e9tat d\u00e9pressif engendre un circuit ferm\u00e9 dans le fonctionnement neurologique qui s&rsquo;auto-alimente : les pens\u00e9es n\u00e9gatives stimulent la production de neurotransmetteurs qui, eux-m\u00eames, g\u00e9n\u00e8rent des pens\u00e9es n\u00e9gatives\u2026 D&rsquo;o\u00f9 l&rsquo;utilisation d&rsquo;antid\u00e9presseur dans les effets neurochimiques vont notamment limiter ou stopper ce cercle vicieux.<\/p>\n\n\n\n<figure class=\"wp-block-image\"><img decoding=\"async\" loading=\"lazy\" width=\"1024\" height=\"668\" src=\"http:\/\/consultation-hypnose-paris.fr\/wp-content\/uploads\/2021\/12\/D\u00e9pressif-Hypnose-Paris-1024x668.jpg\" alt=\"L\u2019hypnose en compl\u00e9ment des antid\u00e9presseurs\" class=\"wp-image-548\" srcset=\"https:\/\/consultation-hypnose-paris.fr\/wp-content\/uploads\/2021\/12\/D\u00e9pressif-Hypnose-Paris-1024x668.jpg 1024w, https:\/\/consultation-hypnose-paris.fr\/wp-content\/uploads\/2021\/12\/D\u00e9pressif-Hypnose-Paris-300x196.jpg 300w, https:\/\/consultation-hypnose-paris.fr\/wp-content\/uploads\/2021\/12\/D\u00e9pressif-Hypnose-Paris-768x501.jpg 768w, https:\/\/consultation-hypnose-paris.fr\/wp-content\/uploads\/2021\/12\/D\u00e9pressif-Hypnose-Paris-1200x783.jpg 1200w\" sizes=\"(max-width: 709px) 85vw, (max-width: 909px) 67vw, (max-width: 1362px) 62vw, 840px\" \/><\/figure>\n\n\n\n<h3 class=\"wp-block-heading\">Est-ce que l&rsquo;hypnose est possible sous antid\u00e9presseurs ?<\/h3>\n\n\n\n<p>Si les m\u00e9dicaments sont un recours indispensable, ils ne sont pas pour autant toujours suffisants. D&rsquo;une part parce que pr\u00e8s de 40% des patients* ne r\u00e9pondent pas au traitement, d&rsquo;autre part parce qu&rsquo;ils ne traitent pas la cause psychologique \u00e0 l&rsquo;origine des sympt\u00f4mes. <\/p>\n\n\n\n<figure class=\"wp-block-image\"><img decoding=\"async\" loading=\"lazy\" width=\"1024\" height=\"702\" src=\"http:\/\/consultation-hypnose-paris.fr\/wp-content\/uploads\/2022\/01\/Confiance-en-soi-1024x702.jpg\" alt=\"Soulager les \u00e9tats d\u00e9prim\u00e9s gr\u00e2ce \u00e0 la l\u2019hypnose\" class=\"wp-image-574\" srcset=\"https:\/\/consultation-hypnose-paris.fr\/wp-content\/uploads\/2022\/01\/Confiance-en-soi-1024x702.jpg 1024w, https:\/\/consultation-hypnose-paris.fr\/wp-content\/uploads\/2022\/01\/Confiance-en-soi-300x206.jpg 300w, https:\/\/consultation-hypnose-paris.fr\/wp-content\/uploads\/2022\/01\/Confiance-en-soi-768x527.jpg 768w, https:\/\/consultation-hypnose-paris.fr\/wp-content\/uploads\/2022\/01\/Confiance-en-soi-1200x823.jpg 1200w, https:\/\/consultation-hypnose-paris.fr\/wp-content\/uploads\/2022\/01\/Confiance-en-soi.jpg 1795w\" sizes=\"(max-width: 709px) 85vw, (max-width: 909px) 67vw, (max-width: 1362px) 62vw, 840px\" \/><\/figure>\n\n\n\n<p><\/p>\n\n\n\n<p>C\u2019est un des grands int\u00e9r\u00eats de l\u2019hypnose : l\u2019action des m\u00e9dicaments n&rsquo;interf\u00e8re pas sur la prise en charge des v\u00e9cus traumatiques en jeu dans la d\u00e9pression. Les deux traitements se compl\u00e8tent et la r\u00e9solution des conflits intrapsychiques par l\u2019hypnose permettra un r\u00e9tablissement de l\u2019\u00e9tat moral plus rapide et plus stable.<\/p>\n\n\n\n<h3 class=\"wp-block-heading\">S\u00e9ances d\u2019hypnose et th\u00e9rapie : un accompagnement global pour soigner la d\u00e9pression<\/h3>\n\n\n\n<p>Un travail avec un psychologue (ou  psychanalyste ou  psychoth\u00e9rapeute) est souvent n\u00e9cessaire pour identifier les \u00e9v\u00e8nements de  la vie qui ont  engendr\u00e9 cette situation. L&rsquo;hypnose, en tant que th\u00e9rapie d&rsquo;appui, permet de  transformer le  rapport \u00e0 ce v\u00e9cu et de r\u00e9parer les fonctions psychiques  (estime de  soi, capacit\u00e9 \u00e0 faire, &#8230;). Ainsi,  l&rsquo;individu retrouve au  fil des  <a href=\"https:\/\/consultation-hypnose-paris.fr\/index.php\/seances-et-tarif\/\">s\u00e9ances d&rsquo;hypnose<\/a> une confiance en soi. Il r\u00e9apprend le droit et la capacit\u00e9 d&rsquo;acc\u00e9der \u00e0  ses  envies, \u00e0 son \u00e9lan vital.<\/p>\n\n\n\n<p class=\"has-text-align-center\">_____________<\/p>\n\n\n\n<h2 class=\"wp-block-heading\">Vous recherchez un hypnoth\u00e9rapeute pour la d\u00e9pression \u00e0 Paris ?<\/h2>\n\n\n\n<p>Cet article vous interpelle. Il fait \u00e9cho en vous. Je suis \u00e0 votre \u00e9coute pour r\u00e9pondre \u00e0 vos questions sur le sujet. Je vous invite \u00e0 prendre l&rsquo;initiative pour traiter la souffrance psychique avec autant d&rsquo;attention que pour toute autre douleur.<\/p>\n\n\n\n<figure class=\"wp-block-image\"><img decoding=\"async\" loading=\"lazy\" width=\"1024\" height=\"678\" src=\"http:\/\/consultation-hypnose-paris.fr\/wp-content\/uploads\/2021\/12\/Hypnose-D\u00e9pression-Paris-1024x678.jpg\" alt=\"Th\u00e9rapie par l\u2019hypnose pour les troubles d\u00e9pressifs \u00e0 Paris\" class=\"wp-image-549\" srcset=\"https:\/\/consultation-hypnose-paris.fr\/wp-content\/uploads\/2021\/12\/Hypnose-D\u00e9pression-Paris-1024x678.jpg 1024w, https:\/\/consultation-hypnose-paris.fr\/wp-content\/uploads\/2021\/12\/Hypnose-D\u00e9pression-Paris-300x199.jpg 300w, https:\/\/consultation-hypnose-paris.fr\/wp-content\/uploads\/2021\/12\/Hypnose-D\u00e9pression-Paris-768x509.jpg 768w, https:\/\/consultation-hypnose-paris.fr\/wp-content\/uploads\/2021\/12\/Hypnose-D\u00e9pression-Paris-1200x795.jpg 1200w\" sizes=\"(max-width: 709px) 85vw, (max-width: 909px) 67vw, (max-width: 1362px) 62vw, 840px\" \/><\/figure>\n\n\n\n<p><\/p>\n\n\n\n<p>*source : <a href=\"https:\/\/institutducerveau-icm.org\/fr\/depression\/traitements\/\">https:\/\/institutducerveau-icm.org\/fr\/depression\/traitements\/<\/a><\/p>\n","protected":false},"excerpt":{"rendered":"<p>Vivre \u00e0 Paris, c\u2019est \u00eatre confront\u00e9 au stress dans son quotidien. Crise de nerfs, burn-out, d\u00e9pression sont malheureusement des incidents de la vie auxquels chacun peut \u00eatre confront\u00e9. L\u2019hypnose est un alli\u00e9 puissant pour se recentrer et mettre la juste distance par rapport \u00e0 un environnement stressant. Consultation Hypnose Paris vous propose des s\u00e9ances pour &hellip; <a href=\"https:\/\/consultation-hypnose-paris.fr\/index.php\/etats-deprimes\/\" class=\"more-link\">Continuer la lecture<span class=\"screen-reader-text\"> de &laquo;&nbsp;Stress, burn-out, d\u00e9pression ? Consultation Hypnose Paris vous accompagne pour retrouver votre \u00e9lan vital !&nbsp;&raquo;<\/span><\/a><\/p>\n","protected":false},"author":1,"featured_media":0,"parent":0,"menu_order":0,"comment_status":"closed","ping_status":"closed","template":"","meta":{"footnotes":""},"yoast_head":"<!-- This site is optimized with the Yoast SEO plugin v22.6 - https:\/\/yoast.com\/wordpress\/plugins\/seo\/ -->\n<title>Hypnose et d\u00e9pression \u00e0 Paris 14\u00e8me\uff5cRenaud Foussard<\/title>\n<meta name=\"description\" content=\"Fatigue, perte d\u2019\u00e9lan, tristesse persistante ? L\u2019hypnose peut \u00eatre un appui th\u00e9rapeutique efficace pour faire face aux sympt\u00f4mes d\u00e9pressifs.\" \/>\n<meta name=\"robots\" content=\"index, follow, max-snippet:-1, max-image-preview:large, max-video-preview:-1\" \/>\n<link rel=\"canonical\" href=\"http:\/\/consultation-hypnose-paris.fr\/index.php\/etats-deprimes\/\" \/>\n<meta property=\"og:locale\" content=\"fr_FR\" \/>\n<meta property=\"og:type\" content=\"article\" \/>\n<meta property=\"og:title\" content=\"Hypnose et d\u00e9pression \u00e0 Paris 14\u00e8me\uff5cRenaud Foussard\" \/>\n<meta property=\"og:description\" content=\"Fatigue, perte d\u2019\u00e9lan, tristesse persistante ? L\u2019hypnose peut \u00eatre un appui th\u00e9rapeutique efficace pour faire face aux sympt\u00f4mes d\u00e9pressifs.\" \/>\n<meta property=\"og:url\" content=\"http:\/\/consultation-hypnose-paris.fr\/index.php\/etats-deprimes\/\" \/>\n<meta property=\"og:site_name\" content=\"Consultation Hypnose Paris\" \/>\n<meta property=\"article:modified_time\" content=\"2025-04-04T12:24:50+00:00\" \/>\n<meta property=\"og:image\" content=\"https:\/\/consultation-hypnose-paris.fr\/wp-content\/uploads\/2022\/01\/estime-soi-hypnose-paris-3-1005x1024.jpg\" \/>\n<meta name=\"twitter:card\" content=\"summary_large_image\" \/>\n<meta name=\"twitter:label1\" content=\"Dur\u00e9e de lecture estim\u00e9e\" \/>\n\t<meta name=\"twitter:data1\" content=\"7 minutes\" \/>\n<script type=\"application\/ld+json\" class=\"yoast-schema-graph\">{\"@context\":\"https:\/\/schema.org\",\"@graph\":[{\"@type\":\"WebPage\",\"@id\":\"http:\/\/consultation-hypnose-paris.fr\/index.php\/etats-deprimes\/\",\"url\":\"http:\/\/consultation-hypnose-paris.fr\/index.php\/etats-deprimes\/\",\"name\":\"Hypnose et d\u00e9pression \u00e0 Paris 14\u00e8me\uff5cRenaud Foussard\",\"isPartOf\":{\"@id\":\"http:\/\/consultation-hypnose-paris.fr\/#website\"},\"primaryImageOfPage\":{\"@id\":\"http:\/\/consultation-hypnose-paris.fr\/index.php\/etats-deprimes\/#primaryimage\"},\"image\":{\"@id\":\"http:\/\/consultation-hypnose-paris.fr\/index.php\/etats-deprimes\/#primaryimage\"},\"thumbnailUrl\":\"https:\/\/consultation-hypnose-paris.fr\/wp-content\/uploads\/2022\/01\/estime-soi-hypnose-paris-3-1005x1024.jpg\",\"datePublished\":\"2021-12-21T11:16:50+00:00\",\"dateModified\":\"2025-04-04T12:24:50+00:00\",\"description\":\"Fatigue, perte d\u2019\u00e9lan, tristesse persistante ? L\u2019hypnose peut \u00eatre un appui th\u00e9rapeutique efficace pour faire face aux sympt\u00f4mes d\u00e9pressifs.\",\"breadcrumb\":{\"@id\":\"http:\/\/consultation-hypnose-paris.fr\/index.php\/etats-deprimes\/#breadcrumb\"},\"inLanguage\":\"fr-FR\",\"potentialAction\":[{\"@type\":\"ReadAction\",\"target\":[\"http:\/\/consultation-hypnose-paris.fr\/index.php\/etats-deprimes\/\"]}]},{\"@type\":\"ImageObject\",\"inLanguage\":\"fr-FR\",\"@id\":\"http:\/\/consultation-hypnose-paris.fr\/index.php\/etats-deprimes\/#primaryimage\",\"url\":\"https:\/\/consultation-hypnose-paris.fr\/wp-content\/uploads\/2022\/01\/estime-soi-hypnose-paris-3.jpg\",\"contentUrl\":\"https:\/\/consultation-hypnose-paris.fr\/wp-content\/uploads\/2022\/01\/estime-soi-hypnose-paris-3.jpg\",\"width\":2993,\"height\":3049},{\"@type\":\"BreadcrumbList\",\"@id\":\"http:\/\/consultation-hypnose-paris.fr\/index.php\/etats-deprimes\/#breadcrumb\",\"itemListElement\":[{\"@type\":\"ListItem\",\"position\":1,\"name\":\"Accueil\",\"item\":\"http:\/\/consultation-hypnose-paris.fr\/\"},{\"@type\":\"ListItem\",\"position\":2,\"name\":\"Stress, burn-out, d\u00e9pression ? Consultation Hypnose Paris vous accompagne pour retrouver votre \u00e9lan vital !\"}]},{\"@type\":\"WebSite\",\"@id\":\"http:\/\/consultation-hypnose-paris.fr\/#website\",\"url\":\"http:\/\/consultation-hypnose-paris.fr\/\",\"name\":\"Consultation Hypnose Paris\",\"description\":\"Hypnose ericksonienne\",\"potentialAction\":[{\"@type\":\"SearchAction\",\"target\":{\"@type\":\"EntryPoint\",\"urlTemplate\":\"http:\/\/consultation-hypnose-paris.fr\/?s={search_term_string}\"},\"query-input\":\"required name=search_term_string\"}],\"inLanguage\":\"fr-FR\"}]}<\/script>\n<!-- \/ Yoast SEO plugin. -->","yoast_head_json":{"title":"Hypnose et d\u00e9pression \u00e0 Paris 14\u00e8me\uff5cRenaud Foussard","description":"Fatigue, perte d\u2019\u00e9lan, tristesse persistante ? L\u2019hypnose peut \u00eatre un appui th\u00e9rapeutique efficace pour faire face aux sympt\u00f4mes d\u00e9pressifs.","robots":{"index":"index","follow":"follow","max-snippet":"max-snippet:-1","max-image-preview":"max-image-preview:large","max-video-preview":"max-video-preview:-1"},"canonical":"http:\/\/consultation-hypnose-paris.fr\/index.php\/etats-deprimes\/","og_locale":"fr_FR","og_type":"article","og_title":"Hypnose et d\u00e9pression \u00e0 Paris 14\u00e8me\uff5cRenaud Foussard","og_description":"Fatigue, perte d\u2019\u00e9lan, tristesse persistante ? L\u2019hypnose peut \u00eatre un appui th\u00e9rapeutique efficace pour faire face aux sympt\u00f4mes d\u00e9pressifs.","og_url":"http:\/\/consultation-hypnose-paris.fr\/index.php\/etats-deprimes\/","og_site_name":"Consultation Hypnose Paris","article_modified_time":"2025-04-04T12:24:50+00:00","og_image":[{"url":"https:\/\/consultation-hypnose-paris.fr\/wp-content\/uploads\/2022\/01\/estime-soi-hypnose-paris-3-1005x1024.jpg"}],"twitter_card":"summary_large_image","twitter_misc":{"Dur\u00e9e de lecture estim\u00e9e":"7 minutes"},"schema":{"@context":"https:\/\/schema.org","@graph":[{"@type":"WebPage","@id":"http:\/\/consultation-hypnose-paris.fr\/index.php\/etats-deprimes\/","url":"http:\/\/consultation-hypnose-paris.fr\/index.php\/etats-deprimes\/","name":"Hypnose et d\u00e9pression \u00e0 Paris 14\u00e8me\uff5cRenaud Foussard","isPartOf":{"@id":"http:\/\/consultation-hypnose-paris.fr\/#website"},"primaryImageOfPage":{"@id":"http:\/\/consultation-hypnose-paris.fr\/index.php\/etats-deprimes\/#primaryimage"},"image":{"@id":"http:\/\/consultation-hypnose-paris.fr\/index.php\/etats-deprimes\/#primaryimage"},"thumbnailUrl":"https:\/\/consultation-hypnose-paris.fr\/wp-content\/uploads\/2022\/01\/estime-soi-hypnose-paris-3-1005x1024.jpg","datePublished":"2021-12-21T11:16:50+00:00","dateModified":"2025-04-04T12:24:50+00:00","description":"Fatigue, perte d\u2019\u00e9lan, tristesse persistante ? L\u2019hypnose peut \u00eatre un appui th\u00e9rapeutique efficace pour faire face aux sympt\u00f4mes d\u00e9pressifs.","breadcrumb":{"@id":"http:\/\/consultation-hypnose-paris.fr\/index.php\/etats-deprimes\/#breadcrumb"},"inLanguage":"fr-FR","potentialAction":[{"@type":"ReadAction","target":["http:\/\/consultation-hypnose-paris.fr\/index.php\/etats-deprimes\/"]}]},{"@type":"ImageObject","inLanguage":"fr-FR","@id":"http:\/\/consultation-hypnose-paris.fr\/index.php\/etats-deprimes\/#primaryimage","url":"https:\/\/consultation-hypnose-paris.fr\/wp-content\/uploads\/2022\/01\/estime-soi-hypnose-paris-3.jpg","contentUrl":"https:\/\/consultation-hypnose-paris.fr\/wp-content\/uploads\/2022\/01\/estime-soi-hypnose-paris-3.jpg","width":2993,"height":3049},{"@type":"BreadcrumbList","@id":"http:\/\/consultation-hypnose-paris.fr\/index.php\/etats-deprimes\/#breadcrumb","itemListElement":[{"@type":"ListItem","position":1,"name":"Accueil","item":"http:\/\/consultation-hypnose-paris.fr\/"},{"@type":"ListItem","position":2,"name":"Stress, burn-out, d\u00e9pression ? Consultation Hypnose Paris vous accompagne pour retrouver votre \u00e9lan vital !"}]},{"@type":"WebSite","@id":"http:\/\/consultation-hypnose-paris.fr\/#website","url":"http:\/\/consultation-hypnose-paris.fr\/","name":"Consultation Hypnose Paris","description":"Hypnose ericksonienne","potentialAction":[{"@type":"SearchAction","target":{"@type":"EntryPoint","urlTemplate":"http:\/\/consultation-hypnose-paris.fr\/?s={search_term_string}"},"query-input":"required name=search_term_string"}],"inLanguage":"fr-FR"}]}},"jetpack_sharing_enabled":true,"_links":{"self":[{"href":"https:\/\/consultation-hypnose-paris.fr\/index.php\/wp-json\/wp\/v2\/pages\/518"}],"collection":[{"href":"https:\/\/consultation-hypnose-paris.fr\/index.php\/wp-json\/wp\/v2\/pages"}],"about":[{"href":"https:\/\/consultation-hypnose-paris.fr\/index.php\/wp-json\/wp\/v2\/types\/page"}],"author":[{"embeddable":true,"href":"https:\/\/consultation-hypnose-paris.fr\/index.php\/wp-json\/wp\/v2\/users\/1"}],"replies":[{"embeddable":true,"href":"https:\/\/consultation-hypnose-paris.fr\/index.php\/wp-json\/wp\/v2\/comments?post=518"}],"version-history":[{"count":28,"href":"https:\/\/consultation-hypnose-paris.fr\/index.php\/wp-json\/wp\/v2\/pages\/518\/revisions"}],"predecessor-version":[{"id":649,"href":"https:\/\/consultation-hypnose-paris.fr\/index.php\/wp-json\/wp\/v2\/pages\/518\/revisions\/649"}],"wp:attachment":[{"href":"https:\/\/consultation-hypnose-paris.fr\/index.php\/wp-json\/wp\/v2\/media?parent=518"}],"curies":[{"name":"wp","href":"https:\/\/api.w.org\/{rel}","templated":true}]}}