{"id":106,"date":"2016-08-12T15:30:14","date_gmt":"2016-08-12T13:30:14","guid":{"rendered":"http:\/\/dev.consultation-hypnose-paris.fr\/?page_id=106"},"modified":"2023-08-29T16:32:25","modified_gmt":"2023-08-29T14:32:25","slug":"seances-et-tarif","status":"publish","type":"page","link":"https:\/\/consultation-hypnose-paris.fr\/index.php\/seances-et-tarif\/","title":{"rendered":"S\u00e9ances et tarif"},"content":{"rendered":"<p><em><img decoding=\"async\" loading=\"lazy\" class=\"size-medium wp-image-124 alignleft\" src=\"http:\/\/consultation-hypnose-paris.fr\/wp-content\/uploads\/2016\/08\/poignee-de-main-ferme-en-guise-de-salutation_1139-111-300x199.jpg\" alt=\"poignee-de-main-ferme-en-guise-de-salutation_1139-111\" width=\"300\" height=\"199\" srcset=\"https:\/\/consultation-hypnose-paris.fr\/wp-content\/uploads\/2016\/08\/poignee-de-main-ferme-en-guise-de-salutation_1139-111-300x199.jpg 300w, https:\/\/consultation-hypnose-paris.fr\/wp-content\/uploads\/2016\/08\/poignee-de-main-ferme-en-guise-de-salutation_1139-111.jpg 626w\" sizes=\"(max-width: 300px) 85vw, 300px\" \/>La partie principale! Car le travail sur soi, c&rsquo;est aussi (et parfois surtout) un budget qu&rsquo;il faut int\u00e9grer dans ses d\u00e9penses quotidiennes.<\/em><\/p>\n<p><em>Les consultations sont au <span style=\"text-decoration: underline;\"><strong>tarif unique de 90\u20ac<\/strong><\/span> et je vous explique comment estimer le nombre de s\u00e9ances selon votre probl\u00e9matique et surtout je vous invite \u00e0 aborder aussi ce sujet en s\u00e9ance car le travail sur soi est un processus qui n\u00e9cessite un cadre clair pour \u00eatre le plus efficient possible.<\/em><\/p>\n<ul>\n<li>Comment se d\u00e9roule une s\u00e9ance?<\/li>\n<li>Combien de s\u00e9ances sont n\u00e9cessaires?<\/li>\n<\/ul>\n<p><span style=\"text-decoration: underline;\">Comment se d\u00e9roule une s\u00e9ance?<\/span><\/p>\n<p class=\"xwd9\"><span class=\"xwd45\">Une s\u00e9ance se d\u00e9roule en trois temps :<\/span><\/p>\n<p class=\"xwd9\"><span class=\"xwd45\">1- Un temps de parole pendant lequel le patient exprime sa probl\u00e9matique, ses objectifs et les freins qu&rsquo;il rencontre pour les r\u00e9aliser. Cette \u00e9tape permet d&rsquo;adapter le contenu de la s\u00e9ance \u00e0 son besoin imm\u00e9diat.<\/span><\/p>\n<p class=\"xwd9\"><span class=\"xwd45\">2- Un temps de pratique au cours duquel le patient est amen\u00e9 dans un \u00e9tat hypnotique pour activer ses ressources inconscientes de la mani\u00e8re la plus adapt\u00e9e \u00e0 la r\u00e9solution de sa probl\u00e9matique.<\/span><\/p>\n<p class=\"xwd9\"><span class=\"xwd45\">3-Un temps \u00ab\u00a0d\u2019\u00e9coute active\u00a0\u00bb pour d\u00e9crire le ressenti \u00e0 la suite de la s\u00e9ance.<\/span><\/p>\n<p class=\"xwd9\"><span class=\"xwd45\">Une s\u00e9ance dure environ 1h\/1h15.<\/span><\/p>\n<hr \/>\n<p class=\"xwd9\"><span style=\"text-decoration: underline;\">Combien de s\u00e9ances sont n\u00e9cessaires?<\/span><\/p>\n<p class=\"xwd9\">\u00a0<span class=\"xwd45\">Le nombre de s\u00e9ances d\u00e9pend de la nature de la demande.<\/span><\/p>\n<p class=\"xwd9\"><span class=\"xwd45\">Pour la pr\u00e9paration \u00e0 des \u00e9v\u00e8nements ponctuels (examen, permis de conduire,&#8230;) une \u00e0 deux s\u00e9ances suffisent alors que la r\u00e9solution de probl\u00e9matiques profondes ou comportementales (phobie, troubles du sommeil, \u00e9tat d\u00e9pressif, &#8230;) n\u00e9cessite un accompagnement r\u00e9gulier sur plusieurs semaines.<\/span><\/p>\n<p>Pour <a href=\"http:\/\/consultation-hypnose-paris.fr\/index.php\/regles-douloureuses\/\">le traitement des r\u00e8gles douloureuses<\/a>, l\u00e0 aussi, une seule s\u00e9ance est n\u00e9cessaire.<\/p>\n<p class=\"xwd9\"><span class=\"xwd45\">Enfin, certains traitements comme l&rsquo;arr\u00eat du tabagisme d\u00e9pendent de la situation personnelle de chacun. L\u00e0 o\u00f9 une seule s\u00e9ance est suffisante pour certains, d&rsquo;autres devront s&rsquo;engager dans un travail personnel qui s&rsquo;inscrit plut\u00f4t dans la dur\u00e9e.<br \/>\n<\/span><\/p>\n<p class=\"xwd9\"><span class=\"xwd47\">Dans tous les cas, je suis disponible pour m&rsquo;entretenir avec vous afin de d\u00e9finir pr\u00e9cis\u00e9ment votre demande et le nombre de s\u00e9ances estim\u00e9 pour y r\u00e9pondre.<\/span><\/p>\n","protected":false},"excerpt":{"rendered":"<p>La partie principale! Car le travail sur soi, c&rsquo;est aussi (et parfois surtout) un budget qu&rsquo;il faut int\u00e9grer dans ses d\u00e9penses quotidiennes. Les consultations sont au tarif unique de 90\u20ac et je vous explique comment estimer le nombre de s\u00e9ances selon votre probl\u00e9matique et surtout je vous invite \u00e0 aborder aussi ce sujet en s\u00e9ance &hellip; <a href=\"https:\/\/consultation-hypnose-paris.fr\/index.php\/seances-et-tarif\/\" class=\"more-link\">Continuer la lecture<span class=\"screen-reader-text\"> de &laquo;&nbsp;S\u00e9ances et tarif&nbsp;&raquo;<\/span><\/a><\/p>\n","protected":false},"author":1,"featured_media":0,"parent":0,"menu_order":0,"comment_status":"closed","ping_status":"closed","template":"","meta":{"footnotes":""},"yoast_head":"<!-- This site is optimized with the Yoast SEO plugin v22.6 - https:\/\/yoast.com\/wordpress\/plugins\/seo\/ -->\n<title>S\u00e9ances et tarif - Consultation Hypnose Paris<\/title>\n<meta name=\"robots\" content=\"index, follow, max-snippet:-1, max-image-preview:large, max-video-preview:-1\" \/>\n<link rel=\"canonical\" href=\"http:\/\/consultation-hypnose-paris.fr\/index.php\/seances-et-tarif\/\" \/>\n<meta property=\"og:locale\" content=\"fr_FR\" \/>\n<meta property=\"og:type\" content=\"article\" \/>\n<meta property=\"og:title\" content=\"S\u00e9ances et tarif - Consultation Hypnose Paris\" \/>\n<meta property=\"og:description\" content=\"La partie principale! Car le travail sur soi, c&rsquo;est aussi (et parfois surtout) un budget qu&rsquo;il faut int\u00e9grer dans ses d\u00e9penses quotidiennes. Les consultations sont au tarif unique de 90\u20ac et je vous explique comment estimer le nombre de s\u00e9ances selon votre probl\u00e9matique et surtout je vous invite \u00e0 aborder aussi ce sujet en s\u00e9ance &hellip; Continuer la lecture de &laquo;&nbsp;S\u00e9ances et tarif&nbsp;&raquo;\" \/>\n<meta property=\"og:url\" content=\"http:\/\/consultation-hypnose-paris.fr\/index.php\/seances-et-tarif\/\" \/>\n<meta property=\"og:site_name\" content=\"Consultation Hypnose Paris\" \/>\n<meta property=\"article:modified_time\" content=\"2023-08-29T14:32:25+00:00\" \/>\n<meta property=\"og:image\" content=\"http:\/\/consultation-hypnose-paris.fr\/wp-content\/uploads\/2016\/08\/poignee-de-main-ferme-en-guise-de-salutation_1139-111-300x199.jpg\" \/>\n<meta name=\"twitter:card\" content=\"summary_large_image\" \/>\n<meta name=\"twitter:label1\" content=\"Dur\u00e9e de lecture estim\u00e9e\" \/>\n\t<meta name=\"twitter:data1\" content=\"2 minutes\" \/>\n<script type=\"application\/ld+json\" class=\"yoast-schema-graph\">{\"@context\":\"https:\/\/schema.org\",\"@graph\":[{\"@type\":\"WebPage\",\"@id\":\"http:\/\/consultation-hypnose-paris.fr\/index.php\/seances-et-tarif\/\",\"url\":\"http:\/\/consultation-hypnose-paris.fr\/index.php\/seances-et-tarif\/\",\"name\":\"S\u00e9ances et tarif - Consultation Hypnose Paris\",\"isPartOf\":{\"@id\":\"http:\/\/consultation-hypnose-paris.fr\/#website\"},\"primaryImageOfPage\":{\"@id\":\"http:\/\/consultation-hypnose-paris.fr\/index.php\/seances-et-tarif\/#primaryimage\"},\"image\":{\"@id\":\"http:\/\/consultation-hypnose-paris.fr\/index.php\/seances-et-tarif\/#primaryimage\"},\"thumbnailUrl\":\"http:\/\/consultation-hypnose-paris.fr\/wp-content\/uploads\/2016\/08\/poignee-de-main-ferme-en-guise-de-salutation_1139-111-300x199.jpg\",\"datePublished\":\"2016-08-12T13:30:14+00:00\",\"dateModified\":\"2023-08-29T14:32:25+00:00\",\"breadcrumb\":{\"@id\":\"http:\/\/consultation-hypnose-paris.fr\/index.php\/seances-et-tarif\/#breadcrumb\"},\"inLanguage\":\"fr-FR\",\"potentialAction\":[{\"@type\":\"ReadAction\",\"target\":[\"http:\/\/consultation-hypnose-paris.fr\/index.php\/seances-et-tarif\/\"]}]},{\"@type\":\"ImageObject\",\"inLanguage\":\"fr-FR\",\"@id\":\"http:\/\/consultation-hypnose-paris.fr\/index.php\/seances-et-tarif\/#primaryimage\",\"url\":\"https:\/\/consultation-hypnose-paris.fr\/wp-content\/uploads\/2016\/08\/poignee-de-main-ferme-en-guise-de-salutation_1139-111.jpg\",\"contentUrl\":\"https:\/\/consultation-hypnose-paris.fr\/wp-content\/uploads\/2016\/08\/poignee-de-main-ferme-en-guise-de-salutation_1139-111.jpg\",\"width\":626,\"height\":415},{\"@type\":\"BreadcrumbList\",\"@id\":\"http:\/\/consultation-hypnose-paris.fr\/index.php\/seances-et-tarif\/#breadcrumb\",\"itemListElement\":[{\"@type\":\"ListItem\",\"position\":1,\"name\":\"Accueil\",\"item\":\"http:\/\/consultation-hypnose-paris.fr\/\"},{\"@type\":\"ListItem\",\"position\":2,\"name\":\"S\u00e9ances et tarif\"}]},{\"@type\":\"WebSite\",\"@id\":\"http:\/\/consultation-hypnose-paris.fr\/#website\",\"url\":\"http:\/\/consultation-hypnose-paris.fr\/\",\"name\":\"Consultation Hypnose Paris\",\"description\":\"Hypnose ericksonienne\",\"potentialAction\":[{\"@type\":\"SearchAction\",\"target\":{\"@type\":\"EntryPoint\",\"urlTemplate\":\"http:\/\/consultation-hypnose-paris.fr\/?s={search_term_string}\"},\"query-input\":\"required name=search_term_string\"}],\"inLanguage\":\"fr-FR\"}]}<\/script>\n<!-- \/ Yoast SEO plugin. -->","yoast_head_json":{"title":"S\u00e9ances et tarif - Consultation Hypnose Paris","robots":{"index":"index","follow":"follow","max-snippet":"max-snippet:-1","max-image-preview":"max-image-preview:large","max-video-preview":"max-video-preview:-1"},"canonical":"http:\/\/consultation-hypnose-paris.fr\/index.php\/seances-et-tarif\/","og_locale":"fr_FR","og_type":"article","og_title":"S\u00e9ances et tarif - Consultation Hypnose Paris","og_description":"La partie principale! Car le travail sur soi, c&rsquo;est aussi (et parfois surtout) un budget qu&rsquo;il faut int\u00e9grer dans ses d\u00e9penses quotidiennes. Les consultations sont au tarif unique de 90\u20ac et je vous explique comment estimer le nombre de s\u00e9ances selon votre probl\u00e9matique et surtout je vous invite \u00e0 aborder aussi ce sujet en s\u00e9ance &hellip; Continuer la lecture de &laquo;&nbsp;S\u00e9ances et tarif&nbsp;&raquo;","og_url":"http:\/\/consultation-hypnose-paris.fr\/index.php\/seances-et-tarif\/","og_site_name":"Consultation Hypnose Paris","article_modified_time":"2023-08-29T14:32:25+00:00","og_image":[{"url":"http:\/\/consultation-hypnose-paris.fr\/wp-content\/uploads\/2016\/08\/poignee-de-main-ferme-en-guise-de-salutation_1139-111-300x199.jpg"}],"twitter_card":"summary_large_image","twitter_misc":{"Dur\u00e9e de lecture estim\u00e9e":"2 minutes"},"schema":{"@context":"https:\/\/schema.org","@graph":[{"@type":"WebPage","@id":"http:\/\/consultation-hypnose-paris.fr\/index.php\/seances-et-tarif\/","url":"http:\/\/consultation-hypnose-paris.fr\/index.php\/seances-et-tarif\/","name":"S\u00e9ances et tarif - Consultation Hypnose Paris","isPartOf":{"@id":"http:\/\/consultation-hypnose-paris.fr\/#website"},"primaryImageOfPage":{"@id":"http:\/\/consultation-hypnose-paris.fr\/index.php\/seances-et-tarif\/#primaryimage"},"image":{"@id":"http:\/\/consultation-hypnose-paris.fr\/index.php\/seances-et-tarif\/#primaryimage"},"thumbnailUrl":"http:\/\/consultation-hypnose-paris.fr\/wp-content\/uploads\/2016\/08\/poignee-de-main-ferme-en-guise-de-salutation_1139-111-300x199.jpg","datePublished":"2016-08-12T13:30:14+00:00","dateModified":"2023-08-29T14:32:25+00:00","breadcrumb":{"@id":"http:\/\/consultation-hypnose-paris.fr\/index.php\/seances-et-tarif\/#breadcrumb"},"inLanguage":"fr-FR","potentialAction":[{"@type":"ReadAction","target":["http:\/\/consultation-hypnose-paris.fr\/index.php\/seances-et-tarif\/"]}]},{"@type":"ImageObject","inLanguage":"fr-FR","@id":"http:\/\/consultation-hypnose-paris.fr\/index.php\/seances-et-tarif\/#primaryimage","url":"https:\/\/consultation-hypnose-paris.fr\/wp-content\/uploads\/2016\/08\/poignee-de-main-ferme-en-guise-de-salutation_1139-111.jpg","contentUrl":"https:\/\/consultation-hypnose-paris.fr\/wp-content\/uploads\/2016\/08\/poignee-de-main-ferme-en-guise-de-salutation_1139-111.jpg","width":626,"height":415},{"@type":"BreadcrumbList","@id":"http:\/\/consultation-hypnose-paris.fr\/index.php\/seances-et-tarif\/#breadcrumb","itemListElement":[{"@type":"ListItem","position":1,"name":"Accueil","item":"http:\/\/consultation-hypnose-paris.fr\/"},{"@type":"ListItem","position":2,"name":"S\u00e9ances et tarif"}]},{"@type":"WebSite","@id":"http:\/\/consultation-hypnose-paris.fr\/#website","url":"http:\/\/consultation-hypnose-paris.fr\/","name":"Consultation Hypnose Paris","description":"Hypnose ericksonienne","potentialAction":[{"@type":"SearchAction","target":{"@type":"EntryPoint","urlTemplate":"http:\/\/consultation-hypnose-paris.fr\/?s={search_term_string}"},"query-input":"required name=search_term_string"}],"inLanguage":"fr-FR"}]}},"jetpack_sharing_enabled":true,"_links":{"self":[{"href":"https:\/\/consultation-hypnose-paris.fr\/index.php\/wp-json\/wp\/v2\/pages\/106"}],"collection":[{"href":"https:\/\/consultation-hypnose-paris.fr\/index.php\/wp-json\/wp\/v2\/pages"}],"about":[{"href":"https:\/\/consultation-hypnose-paris.fr\/index.php\/wp-json\/wp\/v2\/types\/page"}],"author":[{"embeddable":true,"href":"https:\/\/consultation-hypnose-paris.fr\/index.php\/wp-json\/wp\/v2\/users\/1"}],"replies":[{"embeddable":true,"href":"https:\/\/consultation-hypnose-paris.fr\/index.php\/wp-json\/wp\/v2\/comments?post=106"}],"version-history":[{"count":16,"href":"https:\/\/consultation-hypnose-paris.fr\/index.php\/wp-json\/wp\/v2\/pages\/106\/revisions"}],"predecessor-version":[{"id":591,"href":"https:\/\/consultation-hypnose-paris.fr\/index.php\/wp-json\/wp\/v2\/pages\/106\/revisions\/591"}],"wp:attachment":[{"href":"https:\/\/consultation-hypnose-paris.fr\/index.php\/wp-json\/wp\/v2\/media?parent=106"}],"curies":[{"name":"wp","href":"https:\/\/api.w.org\/{rel}","templated":true}]}}